{"id":968,"date":"2020-11-20T08:06:20","date_gmt":"2020-11-20T08:06:20","guid":{"rendered":"https:\/\/eu.bd.com\/iv-news\/?page_id=968"},"modified":"2024-01-18T16:15:05","modified_gmt":"2024-01-18T14:15:05","slug":"ivpedia","status":"publish","type":"page","link":"https:\/\/eu.bd.com\/iv-news\/fr\/ivpedia\/","title":{"rendered":"I.V.p\u00e9dia"},"content":{"rendered":"<blockquote><p><span data-contrast=\"auto\">\u00ab\u202fLes complications du traitement par cath\u00e9ter intraveineux (IV) sont simplement le r\u00e9sultat d&#8217;un syst\u00e8me m\u00e9canique complexe et tr\u00e8s variable (la conception, la mise en place, l&#8217;utilisation et l&#8217;entretien de l&#8217;\u00e9quipement de cath\u00e9ter intraveineux (IV)) appliqu\u00e9 \u00e0 un second syst\u00e8me complexe et tr\u00e8s variable\u202f: le corps humain malade\u202f\u00bb<\/span><span data-contrast=\"auto\">.<sup>1<\/sup><\/span><\/p>\n<p><sup><i><span data-contrast=\"auto\">\u2014Dr. Robert E. Helm<\/span><\/i><\/sup><\/p><\/blockquote>\n<p><span data-contrast=\"auto\">Une complication d\u00e9signe un \u00e9v\u00e9nement observable qui perturbe le cath\u00e9ter intraveineux (IV), interrompt l&#8217;administration de la solution IV ou nuit physiquement au patient<\/span><span data-contrast=\"auto\">.<sup>2<\/sup> Ces complications peuvent \u00eatre m\u00e9caniques ou infectieuses<\/span><span data-contrast=\"auto\">.<sup>2<\/sup>\u00a0<\/span><span data-ccp-props=\"{&quot;201341983&quot;:0,&quot;335559739&quot;:160,&quot;335559740&quot;:259}\">\u00a0<\/span><\/p>\n<p><span data-contrast=\"auto\">Les complications associ\u00e9es aux cath\u00e9ters intraveineux peuvent interrompre et retarder le traitement des troubles m\u00e9dicaux sous-jacents et affecter les r\u00e9sultats des patients<\/span><span data-contrast=\"auto\">.<sup>3<\/sup> Elles peuvent augmenter la morbidit\u00e9 et la mortalit\u00e9<\/span><span data-contrast=\"auto\">.<sup>3<\/sup> De plus, elles se r\u00e9percutent sur les professionnels de sant\u00e9, car le temps consacr\u00e9 \u00e0 la gestion des complications pourrait \u00eatre \u00e9conomis\u00e9 pour am\u00e9liorer la prise en charge du patient.<\/span><span data-ccp-props=\"{&quot;201341983&quot;:0,&quot;335559739&quot;:160,&quot;335559740&quot;:259}\">\u00a0<\/span><\/p>\n","protected":false},"excerpt":{"rendered":"<p>\u00ab\u202fLes complications du traitement par cath\u00e9ter intraveineux (IV) sont simplement le r\u00e9sultat d&#8217;un syst\u00e8me m\u00e9canique complexe et tr\u00e8s variable (la&#8230;<\/p>\n","protected":false},"author":2,"featured_media":5831,"parent":0,"menu_order":0,"comment_status":"closed","ping_status":"closed","template":"page-nurse.php","meta":{"_acf_changed":false,"footnotes":""},"categories":[],"tags":[],"class_list":["post-968","page","type-page","status-publish","has-post-thumbnail","hentry","speciality-abord-vasculaire","speciality-equipe-operationnelle-dhygiene","speciality-oncologie-medicale","speciality-preparation-de-medicaments","speciality-securite-des-soignants","speciality-securite-du-patient","speciality-soins-a-domicile","speciality-soins-intensifs-soins-durgence","contenttype-article-fr","contenttype-postes-infirmiers","contenttype-video-fr","target-equipe-operationnelle-dhygiene","target-medecin","target-medecine-du-travail","target-pharmacie-clinique","target-soins-infirmiers"],"acf":[],"yoast_head":"<!-- This site is optimized with the Yoast SEO plugin v27.5 - https:\/\/yoast.com\/product\/yoast-seo-wordpress\/ -->\n<title>I.V.p\u00e9dia - BD IV News<\/title>\n<meta name=\"description\" content=\"I.V.p\u00e9dia vous propose des entr\u00e9es pr\u00e9cises sur l&#039;administration de m\u00e9dicaments et la gestion des acc\u00e8s vasculaires dans le cadre de BD IV News, une source d&#039;informations pr\u00e9cieuse.\" \/>\n<meta name=\"robots\" content=\"index, follow, max-snippet:-1, max-image-preview:large, max-video-preview:-1\" \/>\n<link rel=\"canonical\" href=\"https:\/\/eu.bd.com\/iv-news\/fr\/ivpedia\/\" \/>\n<meta property=\"og:locale\" content=\"en_GB\" \/>\n<meta property=\"og:type\" content=\"article\" \/>\n<meta property=\"og:title\" content=\"I.V.p\u00e9dia - BD IV News\" \/>\n<meta property=\"og:description\" content=\"I.V.p\u00e9dia vous propose des entr\u00e9es pr\u00e9cises sur l&#039;administration de m\u00e9dicaments et la gestion des acc\u00e8s vasculaires dans le cadre de BD IV News, une source d&#039;informations pr\u00e9cieuse.\" \/>\n<meta property=\"og:url\" content=\"https:\/\/eu.bd.com\/iv-news\/fr\/ivpedia\/\" \/>\n<meta property=\"og:site_name\" content=\"BD IV News\" \/>\n<meta property=\"article:modified_time\" content=\"2024-01-18T14:15:05+00:00\" \/>\n<meta property=\"og:image\" content=\"https:\/\/eu.bd.com\/iv-news\/wp-content\/uploads\/2023\/07\/Image1.png\" \/>\n\t<meta property=\"og:image:width\" content=\"438\" \/>\n\t<meta property=\"og:image:height\" content=\"294\" \/>\n\t<meta property=\"og:image:type\" content=\"image\/png\" \/>\n<meta name=\"twitter:card\" content=\"summary_large_image\" \/>\n<meta name=\"twitter:label1\" content=\"Estimated reading time\" \/>\n\t<meta name=\"twitter:data1\" content=\"1 minute\" \/>\n<script type=\"application\/ld+json\" class=\"yoast-schema-graph\">{\"@context\":\"https:\\\/\\\/schema.org\",\"@graph\":[{\"@type\":\"WebPage\",\"@id\":\"https:\\\/\\\/eu.bd.com\\\/iv-news\\\/fr\\\/ivpedia\\\/\",\"url\":\"https:\\\/\\\/eu.bd.com\\\/iv-news\\\/fr\\\/ivpedia\\\/\",\"name\":\"I.V.p\u00e9dia - BD IV News\",\"isPartOf\":{\"@id\":\"https:\\\/\\\/eu.bd.com\\\/iv-news\\\/#website\"},\"primaryImageOfPage\":{\"@id\":\"https:\\\/\\\/eu.bd.com\\\/iv-news\\\/fr\\\/ivpedia\\\/#primaryimage\"},\"image\":{\"@id\":\"https:\\\/\\\/eu.bd.com\\\/iv-news\\\/fr\\\/ivpedia\\\/#primaryimage\"},\"thumbnailUrl\":\"https:\\\/\\\/eu.bd.com\\\/iv-news\\\/wp-content\\\/uploads\\\/2023\\\/07\\\/Image1.png\",\"datePublished\":\"2020-11-20T08:06:20+00:00\",\"dateModified\":\"2024-01-18T14:15:05+00:00\",\"description\":\"I.V.p\u00e9dia vous propose des entr\u00e9es pr\u00e9cises sur l'administration de m\u00e9dicaments et la gestion des acc\u00e8s vasculaires dans le cadre de BD IV News, une source d'informations pr\u00e9cieuse.\",\"inLanguage\":\"en-GB\",\"potentialAction\":[{\"@type\":\"ReadAction\",\"target\":[\"https:\\\/\\\/eu.bd.com\\\/iv-news\\\/fr\\\/ivpedia\\\/\"]}]},{\"@type\":\"ImageObject\",\"inLanguage\":\"en-GB\",\"@id\":\"https:\\\/\\\/eu.bd.com\\\/iv-news\\\/fr\\\/ivpedia\\\/#primaryimage\",\"url\":\"https:\\\/\\\/eu.bd.com\\\/iv-news\\\/wp-content\\\/uploads\\\/2023\\\/07\\\/Image1.png\",\"contentUrl\":\"https:\\\/\\\/eu.bd.com\\\/iv-news\\\/wp-content\\\/uploads\\\/2023\\\/07\\\/Image1.png\",\"width\":438,\"height\":294,\"caption\":\"Base de connaissances sur l'administration de m\u00e9dicaments et la gestion des acc\u00e8s vasculaires\"},{\"@type\":\"WebSite\",\"@id\":\"https:\\\/\\\/eu.bd.com\\\/iv-news\\\/#website\",\"url\":\"https:\\\/\\\/eu.bd.com\\\/iv-news\\\/\",\"name\":\"BD IV News\",\"description\":\"Your source of information on intravenous therapy, medication delivery and vascular access management.\",\"publisher\":{\"@id\":\"https:\\\/\\\/eu.bd.com\\\/iv-news\\\/#organization\"},\"potentialAction\":[{\"@type\":\"SearchAction\",\"target\":{\"@type\":\"EntryPoint\",\"urlTemplate\":\"https:\\\/\\\/eu.bd.com\\\/iv-news\\\/?s={search_term_string}\"},\"query-input\":{\"@type\":\"PropertyValueSpecification\",\"valueRequired\":true,\"valueName\":\"search_term_string\"}}],\"inLanguage\":\"en-GB\"},{\"@type\":\"Organization\",\"@id\":\"https:\\\/\\\/eu.bd.com\\\/iv-news\\\/#organization\",\"name\":\"BD IV News\",\"url\":\"https:\\\/\\\/eu.bd.com\\\/iv-news\\\/\",\"logo\":{\"@type\":\"ImageObject\",\"inLanguage\":\"en-GB\",\"@id\":\"https:\\\/\\\/eu.bd.com\\\/iv-news\\\/#\\\/schema\\\/logo\\\/image\\\/\",\"url\":\"https:\\\/\\\/eu.bd.com\\\/iv-news\\\/wp-content\\\/uploads\\\/2024\\\/04\\\/BD-Master-Logo-on-Warm-White-512X512px.png\",\"contentUrl\":\"https:\\\/\\\/eu.bd.com\\\/iv-news\\\/wp-content\\\/uploads\\\/2024\\\/04\\\/BD-Master-Logo-on-Warm-White-512X512px.png\",\"width\":512,\"height\":512,\"caption\":\"BD IV News\"},\"image\":{\"@id\":\"https:\\\/\\\/eu.bd.com\\\/iv-news\\\/#\\\/schema\\\/logo\\\/image\\\/\"}}]}<\/script>\n<!-- \/ Yoast SEO plugin. -->","yoast_head_json":{"title":"I.V.p\u00e9dia - BD IV News","description":"I.V.p\u00e9dia vous propose des entr\u00e9es pr\u00e9cises sur l'administration de m\u00e9dicaments et la gestion des acc\u00e8s vasculaires dans le cadre de BD IV News, une source d'informations pr\u00e9cieuse.","robots":{"index":"index","follow":"follow","max-snippet":"max-snippet:-1","max-image-preview":"max-image-preview:large","max-video-preview":"max-video-preview:-1"},"canonical":"https:\/\/eu.bd.com\/iv-news\/fr\/ivpedia\/","og_locale":"en_GB","og_type":"article","og_title":"I.V.p\u00e9dia - BD IV News","og_description":"I.V.p\u00e9dia vous propose des entr\u00e9es pr\u00e9cises sur l'administration de m\u00e9dicaments et la gestion des acc\u00e8s vasculaires dans le cadre de BD IV News, une source d'informations pr\u00e9cieuse.","og_url":"https:\/\/eu.bd.com\/iv-news\/fr\/ivpedia\/","og_site_name":"BD IV News","article_modified_time":"2024-01-18T14:15:05+00:00","og_image":[{"width":438,"height":294,"url":"https:\/\/eu.bd.com\/iv-news\/wp-content\/uploads\/2023\/07\/Image1.png","type":"image\/png"}],"twitter_card":"summary_large_image","twitter_misc":{"Estimated reading time":"1 minute"},"schema":{"@context":"https:\/\/schema.org","@graph":[{"@type":"WebPage","@id":"https:\/\/eu.bd.com\/iv-news\/fr\/ivpedia\/","url":"https:\/\/eu.bd.com\/iv-news\/fr\/ivpedia\/","name":"I.V.p\u00e9dia - BD IV News","isPartOf":{"@id":"https:\/\/eu.bd.com\/iv-news\/#website"},"primaryImageOfPage":{"@id":"https:\/\/eu.bd.com\/iv-news\/fr\/ivpedia\/#primaryimage"},"image":{"@id":"https:\/\/eu.bd.com\/iv-news\/fr\/ivpedia\/#primaryimage"},"thumbnailUrl":"https:\/\/eu.bd.com\/iv-news\/wp-content\/uploads\/2023\/07\/Image1.png","datePublished":"2020-11-20T08:06:20+00:00","dateModified":"2024-01-18T14:15:05+00:00","description":"I.V.p\u00e9dia vous propose des entr\u00e9es pr\u00e9cises sur l'administration de m\u00e9dicaments et la gestion des acc\u00e8s vasculaires dans le cadre de BD IV News, une source d'informations pr\u00e9cieuse.","inLanguage":"en-GB","potentialAction":[{"@type":"ReadAction","target":["https:\/\/eu.bd.com\/iv-news\/fr\/ivpedia\/"]}]},{"@type":"ImageObject","inLanguage":"en-GB","@id":"https:\/\/eu.bd.com\/iv-news\/fr\/ivpedia\/#primaryimage","url":"https:\/\/eu.bd.com\/iv-news\/wp-content\/uploads\/2023\/07\/Image1.png","contentUrl":"https:\/\/eu.bd.com\/iv-news\/wp-content\/uploads\/2023\/07\/Image1.png","width":438,"height":294,"caption":"Base de connaissances sur l'administration de m\u00e9dicaments et la gestion des acc\u00e8s vasculaires"},{"@type":"WebSite","@id":"https:\/\/eu.bd.com\/iv-news\/#website","url":"https:\/\/eu.bd.com\/iv-news\/","name":"BD IV News","description":"Your source of information on intravenous therapy, medication delivery and vascular access management.","publisher":{"@id":"https:\/\/eu.bd.com\/iv-news\/#organization"},"potentialAction":[{"@type":"SearchAction","target":{"@type":"EntryPoint","urlTemplate":"https:\/\/eu.bd.com\/iv-news\/?s={search_term_string}"},"query-input":{"@type":"PropertyValueSpecification","valueRequired":true,"valueName":"search_term_string"}}],"inLanguage":"en-GB"},{"@type":"Organization","@id":"https:\/\/eu.bd.com\/iv-news\/#organization","name":"BD IV News","url":"https:\/\/eu.bd.com\/iv-news\/","logo":{"@type":"ImageObject","inLanguage":"en-GB","@id":"https:\/\/eu.bd.com\/iv-news\/#\/schema\/logo\/image\/","url":"https:\/\/eu.bd.com\/iv-news\/wp-content\/uploads\/2024\/04\/BD-Master-Logo-on-Warm-White-512X512px.png","contentUrl":"https:\/\/eu.bd.com\/iv-news\/wp-content\/uploads\/2024\/04\/BD-Master-Logo-on-Warm-White-512X512px.png","width":512,"height":512,"caption":"BD IV News"},"image":{"@id":"https:\/\/eu.bd.com\/iv-news\/#\/schema\/logo\/image\/"}}]}},"lang":"fr","translations":{"fr":968,"en":267,"es":814,"it":1061,"de":1162},"pll_sync_post":[],"_links":{"self":[{"href":"https:\/\/eu.bd.com\/iv-news\/wp-json\/wp\/v2\/pages\/968","targetHints":{"allow":["GET"]}}],"collection":[{"href":"https:\/\/eu.bd.com\/iv-news\/wp-json\/wp\/v2\/pages"}],"about":[{"href":"https:\/\/eu.bd.com\/iv-news\/wp-json\/wp\/v2\/types\/page"}],"author":[{"embeddable":true,"href":"https:\/\/eu.bd.com\/iv-news\/wp-json\/wp\/v2\/users\/2"}],"replies":[{"embeddable":true,"href":"https:\/\/eu.bd.com\/iv-news\/wp-json\/wp\/v2\/comments?post=968"}],"version-history":[{"count":30,"href":"https:\/\/eu.bd.com\/iv-news\/wp-json\/wp\/v2\/pages\/968\/revisions"}],"predecessor-version":[{"id":7026,"href":"https:\/\/eu.bd.com\/iv-news\/wp-json\/wp\/v2\/pages\/968\/revisions\/7026"}],"wp:featuredmedia":[{"embeddable":true,"href":"https:\/\/eu.bd.com\/iv-news\/wp-json\/wp\/v2\/media\/5831"}],"wp:attachment":[{"href":"https:\/\/eu.bd.com\/iv-news\/wp-json\/wp\/v2\/media?parent=968"}],"wp:term":[{"taxonomy":"category","embeddable":true,"href":"https:\/\/eu.bd.com\/iv-news\/wp-json\/wp\/v2\/categories?post=968"},{"taxonomy":"post_tag","embeddable":true,"href":"https:\/\/eu.bd.com\/iv-news\/wp-json\/wp\/v2\/tags?post=968"}],"curies":[{"name":"wp","href":"https:\/\/api.w.org\/{rel}","templated":true}]}}