{"id":814,"date":"2020-11-12T15:20:07","date_gmt":"2020-11-12T15:20:07","guid":{"rendered":"https:\/\/eu.bd.com\/iv-news\/?page_id=814"},"modified":"2024-01-18T17:40:50","modified_gmt":"2024-01-18T15:40:50","slug":"ivpedia","status":"publish","type":"page","link":"https:\/\/eu.bd.com\/iv-news\/es\/ivpedia\/","title":{"rendered":"I.V.pedia"},"content":{"rendered":"<blockquote><p><span data-contrast=\"auto\">\u00abLas complicaciones del tratamiento con un cat\u00e9ter intravenoso son simplemente el resultado de la aplicaci\u00f3n de un sistema mec\u00e1nico complejo y muy variable (dise\u00f1o, colocaci\u00f3n, uso y cuidados del equipo de cat\u00e9ter intravenoso) a un segundo sistema complejo y muy variable: el cuerpo humano enfermo<\/span><span data-contrast=\"auto\">\u00bb.<sup>1<\/sup><\/span><\/p>\n<p><sup><i><span data-contrast=\"auto\">\u2014 Dr. Robert E. Helm<\/span><\/i><\/sup><\/p><\/blockquote>\n<p><span data-contrast=\"auto\">Una complicaci\u00f3n se define como un acontecimiento observable que interrumpe el cat\u00e9ter intravenoso, interrumpe la administraci\u00f3n de la soluci\u00f3n intravenosa o da\u00f1a f\u00edsicamente al paciente<\/span><span data-contrast=\"auto\">.<sup>2<\/sup> Estas complicaciones pueden ser mec\u00e1nicas o infecciosas<\/span><span data-contrast=\"auto\">.<sup>2<\/sup>\u00a0<\/span><span data-ccp-props=\"{&quot;201341983&quot;:0,&quot;335559739&quot;:160,&quot;335559740&quot;:259}\">\u00a0<\/span><\/p>\n<p><span data-contrast=\"auto\">Las complicaciones intravenosas pueden interrumpir y retrasar el tratamiento de trastornos m\u00e9dicos subyacentes y afectar a los resultados de los pacientes<\/span><span data-contrast=\"auto\">.<sup>3<\/sup> Pueden aumentar la morbilidad y la mortalidad<\/span><span data-contrast=\"auto\">.<sup>3<\/sup> Tambi\u00e9n afectan a los profesionales sanitarios, porque el tiempo que dedican a gestionar las complicaciones podr\u00edan dedicarlo a mejorar la atenci\u00f3n al paciente.<\/span><span data-ccp-props=\"{&quot;201341983&quot;:0,&quot;335559739&quot;:160,&quot;335559740&quot;:259}\">\u00a0<\/span><\/p>\n","protected":false},"excerpt":{"rendered":"<p>\u00abLas complicaciones del tratamiento con un cat\u00e9ter intravenoso son simplemente el resultado de la aplicaci\u00f3n de un sistema mec\u00e1nico complejo&#8230;<\/p>\n","protected":false},"author":2,"featured_media":7001,"parent":0,"menu_order":0,"comment_status":"closed","ping_status":"closed","template":"page-nurse.php","meta":{"_acf_changed":false,"footnotes":""},"categories":[],"tags":[],"class_list":["post-814","page","type-page","status-publish","has-post-thumbnail","hentry","speciality-acceso-vascular","speciality-anestesiologia","speciality-asistencia-domiciliaria","speciality-covid-19-es","speciality-cuidados-intensivos-emergencias","speciality-economia-de-la-salud","speciality-farmacologia","speciality-oncologia-medica","speciality-pediatria","speciality-prevencion-de-infecciones","speciality-seguridad-del-paciente","speciality-seguridad-del-profesional-sanitario","contenttype-articulo","contenttype-enfermeria","target-departamento-de-compras","target-director-o-directora-del-hospital","target-doctor-a","target-enfermeria","target-farmacia-clinica","target-paciente","target-prevencion-de-infecciones","target-salud-ocupacional"],"acf":[],"yoast_head":"<!-- This site is optimized with the Yoast SEO plugin v27.5 - https:\/\/yoast.com\/product\/yoast-seo-wordpress\/ -->\n<title>I.V.pedia - BD IV News<\/title>\n<meta name=\"description\" content=\"I.V.pedia le proporciona entradas precisas sobre la administraci\u00f3n de medicaci\u00f3n y la gesti\u00f3n del acceso vascular como parte de BD IV News, una valiosa fuente de informaci\u00f3n.\" \/>\n<meta name=\"robots\" content=\"index, follow, max-snippet:-1, max-image-preview:large, max-video-preview:-1\" \/>\n<link rel=\"canonical\" href=\"https:\/\/eu.bd.com\/iv-news\/es\/ivpedia\/\" \/>\n<meta property=\"og:locale\" content=\"en_GB\" \/>\n<meta property=\"og:type\" content=\"article\" \/>\n<meta property=\"og:title\" content=\"I.V.pedia - BD IV News\" \/>\n<meta property=\"og:description\" content=\"I.V.pedia le proporciona entradas precisas sobre la administraci\u00f3n de medicaci\u00f3n y la gesti\u00f3n del acceso vascular como parte de BD IV News, una valiosa fuente de informaci\u00f3n.\" \/>\n<meta property=\"og:url\" content=\"https:\/\/eu.bd.com\/iv-news\/es\/ivpedia\/\" \/>\n<meta property=\"og:site_name\" content=\"BD IV News\" \/>\n<meta property=\"article:modified_time\" content=\"2024-01-18T15:40:50+00:00\" \/>\n<meta property=\"og:image\" content=\"https:\/\/eu.bd.com\/iv-news\/wp-content\/uploads\/2023\/07\/Image1.png\" \/>\n\t<meta property=\"og:image:width\" content=\"438\" \/>\n\t<meta property=\"og:image:height\" content=\"294\" \/>\n\t<meta property=\"og:image:type\" content=\"image\/png\" \/>\n<meta name=\"twitter:card\" content=\"summary_large_image\" \/>\n<meta name=\"twitter:label1\" content=\"Estimated reading time\" \/>\n\t<meta name=\"twitter:data1\" content=\"1 minute\" \/>\n<script type=\"application\/ld+json\" class=\"yoast-schema-graph\">{\"@context\":\"https:\\\/\\\/schema.org\",\"@graph\":[{\"@type\":\"WebPage\",\"@id\":\"https:\\\/\\\/eu.bd.com\\\/iv-news\\\/es\\\/ivpedia\\\/\",\"url\":\"https:\\\/\\\/eu.bd.com\\\/iv-news\\\/es\\\/ivpedia\\\/\",\"name\":\"I.V.pedia - BD IV News\",\"isPartOf\":{\"@id\":\"https:\\\/\\\/eu.bd.com\\\/iv-news\\\/#website\"},\"primaryImageOfPage\":{\"@id\":\"https:\\\/\\\/eu.bd.com\\\/iv-news\\\/es\\\/ivpedia\\\/#primaryimage\"},\"image\":{\"@id\":\"https:\\\/\\\/eu.bd.com\\\/iv-news\\\/es\\\/ivpedia\\\/#primaryimage\"},\"thumbnailUrl\":\"https:\\\/\\\/eu.bd.com\\\/iv-news\\\/wp-content\\\/uploads\\\/2023\\\/07\\\/Image1.png\",\"datePublished\":\"2020-11-12T15:20:07+00:00\",\"dateModified\":\"2024-01-18T15:40:50+00:00\",\"description\":\"I.V.pedia le proporciona entradas precisas sobre la administraci\u00f3n de medicaci\u00f3n y la gesti\u00f3n del acceso vascular como parte de BD IV News, una valiosa fuente de informaci\u00f3n.\",\"inLanguage\":\"en-GB\",\"potentialAction\":[{\"@type\":\"ReadAction\",\"target\":[\"https:\\\/\\\/eu.bd.com\\\/iv-news\\\/es\\\/ivpedia\\\/\"]}]},{\"@type\":\"ImageObject\",\"inLanguage\":\"en-GB\",\"@id\":\"https:\\\/\\\/eu.bd.com\\\/iv-news\\\/es\\\/ivpedia\\\/#primaryimage\",\"url\":\"https:\\\/\\\/eu.bd.com\\\/iv-news\\\/wp-content\\\/uploads\\\/2023\\\/07\\\/Image1.png\",\"contentUrl\":\"https:\\\/\\\/eu.bd.com\\\/iv-news\\\/wp-content\\\/uploads\\\/2023\\\/07\\\/Image1.png\",\"width\":438,\"height\":294,\"caption\":\"Recurso de conocimientos sobre la administraci\u00f3n de medicaci\u00f3n y la gesti\u00f3n del acceso vascular\"},{\"@type\":\"WebSite\",\"@id\":\"https:\\\/\\\/eu.bd.com\\\/iv-news\\\/#website\",\"url\":\"https:\\\/\\\/eu.bd.com\\\/iv-news\\\/\",\"name\":\"BD IV News\",\"description\":\"Your source of information on intravenous therapy, medication delivery and vascular access management.\",\"publisher\":{\"@id\":\"https:\\\/\\\/eu.bd.com\\\/iv-news\\\/#organization\"},\"potentialAction\":[{\"@type\":\"SearchAction\",\"target\":{\"@type\":\"EntryPoint\",\"urlTemplate\":\"https:\\\/\\\/eu.bd.com\\\/iv-news\\\/?s={search_term_string}\"},\"query-input\":{\"@type\":\"PropertyValueSpecification\",\"valueRequired\":true,\"valueName\":\"search_term_string\"}}],\"inLanguage\":\"en-GB\"},{\"@type\":\"Organization\",\"@id\":\"https:\\\/\\\/eu.bd.com\\\/iv-news\\\/#organization\",\"name\":\"BD IV News\",\"url\":\"https:\\\/\\\/eu.bd.com\\\/iv-news\\\/\",\"logo\":{\"@type\":\"ImageObject\",\"inLanguage\":\"en-GB\",\"@id\":\"https:\\\/\\\/eu.bd.com\\\/iv-news\\\/#\\\/schema\\\/logo\\\/image\\\/\",\"url\":\"https:\\\/\\\/eu.bd.com\\\/iv-news\\\/wp-content\\\/uploads\\\/2024\\\/04\\\/BD-Master-Logo-on-Warm-White-512X512px.png\",\"contentUrl\":\"https:\\\/\\\/eu.bd.com\\\/iv-news\\\/wp-content\\\/uploads\\\/2024\\\/04\\\/BD-Master-Logo-on-Warm-White-512X512px.png\",\"width\":512,\"height\":512,\"caption\":\"BD IV News\"},\"image\":{\"@id\":\"https:\\\/\\\/eu.bd.com\\\/iv-news\\\/#\\\/schema\\\/logo\\\/image\\\/\"}}]}<\/script>\n<!-- \/ Yoast SEO plugin. -->","yoast_head_json":{"title":"I.V.pedia - BD IV News","description":"I.V.pedia le proporciona entradas precisas sobre la administraci\u00f3n de medicaci\u00f3n y la gesti\u00f3n del acceso vascular como parte de BD IV News, una valiosa fuente de informaci\u00f3n.","robots":{"index":"index","follow":"follow","max-snippet":"max-snippet:-1","max-image-preview":"max-image-preview:large","max-video-preview":"max-video-preview:-1"},"canonical":"https:\/\/eu.bd.com\/iv-news\/es\/ivpedia\/","og_locale":"en_GB","og_type":"article","og_title":"I.V.pedia - BD IV News","og_description":"I.V.pedia le proporciona entradas precisas sobre la administraci\u00f3n de medicaci\u00f3n y la gesti\u00f3n del acceso vascular como parte de BD IV News, una valiosa fuente de informaci\u00f3n.","og_url":"https:\/\/eu.bd.com\/iv-news\/es\/ivpedia\/","og_site_name":"BD IV News","article_modified_time":"2024-01-18T15:40:50+00:00","og_image":[{"width":438,"height":294,"url":"https:\/\/eu.bd.com\/iv-news\/wp-content\/uploads\/2023\/07\/Image1.png","type":"image\/png"}],"twitter_card":"summary_large_image","twitter_misc":{"Estimated reading time":"1 minute"},"schema":{"@context":"https:\/\/schema.org","@graph":[{"@type":"WebPage","@id":"https:\/\/eu.bd.com\/iv-news\/es\/ivpedia\/","url":"https:\/\/eu.bd.com\/iv-news\/es\/ivpedia\/","name":"I.V.pedia - BD IV News","isPartOf":{"@id":"https:\/\/eu.bd.com\/iv-news\/#website"},"primaryImageOfPage":{"@id":"https:\/\/eu.bd.com\/iv-news\/es\/ivpedia\/#primaryimage"},"image":{"@id":"https:\/\/eu.bd.com\/iv-news\/es\/ivpedia\/#primaryimage"},"thumbnailUrl":"https:\/\/eu.bd.com\/iv-news\/wp-content\/uploads\/2023\/07\/Image1.png","datePublished":"2020-11-12T15:20:07+00:00","dateModified":"2024-01-18T15:40:50+00:00","description":"I.V.pedia le proporciona entradas precisas sobre la administraci\u00f3n de medicaci\u00f3n y la gesti\u00f3n del acceso vascular como parte de BD IV News, una valiosa fuente de informaci\u00f3n.","inLanguage":"en-GB","potentialAction":[{"@type":"ReadAction","target":["https:\/\/eu.bd.com\/iv-news\/es\/ivpedia\/"]}]},{"@type":"ImageObject","inLanguage":"en-GB","@id":"https:\/\/eu.bd.com\/iv-news\/es\/ivpedia\/#primaryimage","url":"https:\/\/eu.bd.com\/iv-news\/wp-content\/uploads\/2023\/07\/Image1.png","contentUrl":"https:\/\/eu.bd.com\/iv-news\/wp-content\/uploads\/2023\/07\/Image1.png","width":438,"height":294,"caption":"Recurso de conocimientos sobre la administraci\u00f3n de medicaci\u00f3n y la gesti\u00f3n del acceso vascular"},{"@type":"WebSite","@id":"https:\/\/eu.bd.com\/iv-news\/#website","url":"https:\/\/eu.bd.com\/iv-news\/","name":"BD IV News","description":"Your source of information on intravenous therapy, medication delivery and vascular access management.","publisher":{"@id":"https:\/\/eu.bd.com\/iv-news\/#organization"},"potentialAction":[{"@type":"SearchAction","target":{"@type":"EntryPoint","urlTemplate":"https:\/\/eu.bd.com\/iv-news\/?s={search_term_string}"},"query-input":{"@type":"PropertyValueSpecification","valueRequired":true,"valueName":"search_term_string"}}],"inLanguage":"en-GB"},{"@type":"Organization","@id":"https:\/\/eu.bd.com\/iv-news\/#organization","name":"BD IV News","url":"https:\/\/eu.bd.com\/iv-news\/","logo":{"@type":"ImageObject","inLanguage":"en-GB","@id":"https:\/\/eu.bd.com\/iv-news\/#\/schema\/logo\/image\/","url":"https:\/\/eu.bd.com\/iv-news\/wp-content\/uploads\/2024\/04\/BD-Master-Logo-on-Warm-White-512X512px.png","contentUrl":"https:\/\/eu.bd.com\/iv-news\/wp-content\/uploads\/2024\/04\/BD-Master-Logo-on-Warm-White-512X512px.png","width":512,"height":512,"caption":"BD IV News"},"image":{"@id":"https:\/\/eu.bd.com\/iv-news\/#\/schema\/logo\/image\/"}}]}},"lang":"es","translations":{"es":814,"en":267,"fr":968,"it":1061,"de":1162},"pll_sync_post":[],"_links":{"self":[{"href":"https:\/\/eu.bd.com\/iv-news\/wp-json\/wp\/v2\/pages\/814","targetHints":{"allow":["GET"]}}],"collection":[{"href":"https:\/\/eu.bd.com\/iv-news\/wp-json\/wp\/v2\/pages"}],"about":[{"href":"https:\/\/eu.bd.com\/iv-news\/wp-json\/wp\/v2\/types\/page"}],"author":[{"embeddable":true,"href":"https:\/\/eu.bd.com\/iv-news\/wp-json\/wp\/v2\/users\/2"}],"replies":[{"embeddable":true,"href":"https:\/\/eu.bd.com\/iv-news\/wp-json\/wp\/v2\/comments?post=814"}],"version-history":[{"count":26,"href":"https:\/\/eu.bd.com\/iv-news\/wp-json\/wp\/v2\/pages\/814\/revisions"}],"predecessor-version":[{"id":7033,"href":"https:\/\/eu.bd.com\/iv-news\/wp-json\/wp\/v2\/pages\/814\/revisions\/7033"}],"wp:featuredmedia":[{"embeddable":true,"href":"https:\/\/eu.bd.com\/iv-news\/wp-json\/wp\/v2\/media\/7001"}],"wp:attachment":[{"href":"https:\/\/eu.bd.com\/iv-news\/wp-json\/wp\/v2\/media?parent=814"}],"wp:term":[{"taxonomy":"category","embeddable":true,"href":"https:\/\/eu.bd.com\/iv-news\/wp-json\/wp\/v2\/categories?post=814"},{"taxonomy":"post_tag","embeddable":true,"href":"https:\/\/eu.bd.com\/iv-news\/wp-json\/wp\/v2\/tags?post=814"}],"curies":[{"name":"wp","href":"https:\/\/api.w.org\/{rel}","templated":true}]}}