{"id":7970,"date":"2024-07-01T18:16:36","date_gmt":"2024-07-01T16:16:36","guid":{"rendered":"https:\/\/eu.bd.com\/iv-news\/?page_id=7970"},"modified":"2026-02-24T11:35:14","modified_gmt":"2026-02-24T09:35:14","slug":"ueber","status":"publish","type":"page","link":"https:\/\/eu.bd.com\/iv-news\/de\/ueber\/","title":{"rendered":"\u00dcber"},"content":{"rendered":"<p>BD IV News wurde im Juni 2020 eingef\u00fchrt und bietet medizinischen Fachkr\u00e4ften in Europa, dem Nahen Osten und Afrika (EMEA) die neuesten Nachrichten und Entwicklungen in den Bereichen intraven\u00f6se (IV) Therapie und Medikamentenverabreichung. Das Ziel des BD IV News-Teams ist es, medizinischen Fachkr\u00e4ften, wie Ihnen, zu erm\u00f6glichen, eine Kultur der Sicherheit in Ihren Gesundheitseinrichtungen zu schaffen und gleichzeitig die bestm\u00f6gliche Versorgung f\u00fcr Ihre Patienten zu gew\u00e4hrleisten.<\/p>\n<h2><a href=\"https:\/\/eu.bd.com\/iv-news\/de\/category\/veranstaltungen-schulung\/\">Veranstaltungen und Schulungen<\/a><\/h2>\n<p>Diese bieten Ihnen die M\u00f6glichkeit, neue F\u00e4higkeiten und Kenntnisse von erstklassigen Experten zu erwerben, w\u00e4hrend Sie sich mit anderen medizinischen Fachkr\u00e4ften vernetzen. Besuchen Sie BD auf dem alle zwei Jahre stattfindenden World Congress on Vascular Access (WoCoVA). Wir k\u00f6nnen Ihnen dabei helfen, die Patientenerfahrung zu verbessern und die klinischen Ergebnisse im gesamten Bereich des Gef\u00e4\u00dfzugangsmanagements zu verbessern. Das ganze Jahr \u00fcber werden Webinare zu bestimmten Themen angeboten.<\/p>\n<h2><a href=\"#\">BD MACOVA<\/a><\/h2>\n<p>Die Vor-Ort- und virtuellen Veranstaltungen im Rahmen des BD MACOVA-Kongresses sind seit Langem ein Forum f\u00fcr f\u00fchrende Pers\u00f6nlichkeiten im Bereich des Gef\u00e4\u00dfzugangs, um ihre Erfahrungen und Einblicke in das Gef\u00e4\u00dfzugangsmanagement <a href=\"https:\/\/lp.bd.com\/vam\" target=\"_blank\">(Vascular Access Management, VAM)<\/a> mit denjenigen zu teilen, die den Einsatz von Gef\u00e4\u00dfzugangssystemen (vascular access devices, VADs) und die angebotenen Dienstleistungen in ihren Gesundheitseinrichtungen ausweiten m\u00f6chten. Reservieren Sie Ihren Platz f\u00fcr zuk\u00fcnftige Kongresse und Online-Events.<\/p>\n<h2><a href=\"https:\/\/eu.bd.com\/iv-news\/de\/category\/nachrichten-innovationen\/\">Nachrichten und Innovationen<\/a><\/h2>\n<p>Informieren Sie sich \u00fcber die neuesten Trends bei neuen Technologien und L\u00f6sungen, Infektionspr\u00e4vention und Pflege von IV-Kathetern. Lernen Sie Best-Practice-Techniken mit dem Schwerpunkt auf Patientensicherheit und Sicherheit f\u00fcr medizinisches Fachpersonal.\u200b Wir m\u00f6chten medizinische Fachkr\u00e4fte dabei unterst\u00fctzen, Ihre Patienten bestm\u00f6glich zu versorgen und gleichzeitig Nadelstichverletzungen zu verhindern.<\/p>\n<h2><a href=\"https:\/\/eu.bd.com\/iv-news\/de\/ivlexikon\/\">I.V.-Lexikon<\/a><\/h2>\n<p>Suchen Sie in dieser Online-Enzyklop\u00e4die nach genauen Definitionen von IV-Komplikationen, deren Ursachen und M\u00f6glichkeiten, sie zu verhindern. Alle Eintr\u00e4ge sind miteinander verkn\u00fcpft, so dass Sie leicht von einem zum n\u00e4chsten wechseln k\u00f6nnen. Wir m\u00f6chten medizinischen Fachkr\u00e4ften dabei helfen, evidenzbasierte Techniken wie Gef\u00e4\u00dfzugangsteams und Pflegeb\u00fcndel zu \u00fcbernehmen.<\/p>\n<h2><a href=\"https:\/\/eu.bd.com\/iv-news\/de\/category\/wissenschaftliche-publikationen\/\">Wissenschaftliche Publikationen<\/a><\/h2>\n<p>Bleiben Sie auf dem Laufenden \u00fcber die neuesten wissenschaftlichen Studien und systematischen Reviews zur IV-Therapie. Sie k\u00f6nnen Zusammenfassungen zu den neuesten Erkenntnissen einiger der f\u00fchrenden Experten auf diesem Gebiet lesen.<\/p>\n<h2><a href=\"https:\/\/eu.bd.com\/iv-news\/de\/registrieren-sie-sich\/\">Der BD IV News-Community beitreten<\/a><\/h2>\n<p>BD IV News bietet ein speziell zugeschnittenes Lesererlebnis f\u00fcr medizinische Fachkr\u00e4fte, die an der IV-Therapie beteiligt sind. Nach der Erstellung Ihres pers\u00f6nlichen Profils k\u00f6nnen Sie Ihren Beruf und Ihre Interessengebiete ausw\u00e4hlen. Dann zeigt die Homepage die neuesten und relevantesten Inhalte f\u00fcr Sie. Als Mitglied der BD IV News-Community erhalten Sie Zugang zu exklusiven Inhalten. Jeden Monat erhalten Sie sorgf\u00e4ltig zusammengestellte Expertenbeitr\u00e4ge direkt in Ihren Posteingang.<\/p>\n<h2><a href=\"https:\/\/eu.bd.com\/iv-news\/de\/kontakt\/\">Kontaktieren Sie uns<\/a><\/h2>\n<p>Wenn Sie Vorschl\u00e4ge f\u00fcr Inhalte haben, die Sie auf BD IV News sehen m\u00f6chten, Feedback, wie wir die Website verbessern k\u00f6nnen, oder Fragen zur IV-Therapie oder Medikamentenverabreichung, wenden Sie sich bitte an uns. Wir w\u00fcrden uns freuen, von Ihnen zu h\u00f6ren.<\/p>\n","protected":false},"excerpt":{"rendered":"<p>BD IV News wurde im Juni 2020 eingef\u00fchrt und bietet medizinischen Fachkr\u00e4ften in Europa, dem Nahen Osten und Afrika (EMEA)&#8230;<\/p>\n","protected":false},"author":8,"featured_media":0,"parent":0,"menu_order":0,"comment_status":"closed","ping_status":"closed","template":"","meta":{"_acf_changed":false,"footnotes":""},"categories":[],"tags":[],"class_list":["post-7970","page","type-page","status-publish","hentry"],"acf":[],"yoast_head":"<!-- This site is optimized with the Yoast SEO plugin v27.5 - https:\/\/yoast.com\/product\/yoast-seo-wordpress\/ -->\n<title>\u00dcber - BD IV News<\/title>\n<meta name=\"description\" content=\"Die Mission von BD IV News besteht darin, medizinischem Personal die M\u00f6glichkeit zu geben, in Gesundheitseinrichtungen eine Sicherheitskultur zu etablieren und gleichzeitig die bestm\u00f6gliche Gef\u00e4\u00dfversorgung zu gew\u00e4hrleisten.\" \/>\n<meta name=\"robots\" content=\"index, follow, max-snippet:-1, max-image-preview:large, max-video-preview:-1\" \/>\n<link rel=\"canonical\" href=\"https:\/\/eu.bd.com\/iv-news\/de\/ueber\/\" \/>\n<meta property=\"og:locale\" content=\"en_GB\" \/>\n<meta property=\"og:type\" content=\"article\" \/>\n<meta property=\"og:title\" content=\"\u00dcber - BD IV News\" \/>\n<meta property=\"og:description\" content=\"Die Mission von BD IV News besteht darin, medizinischem Personal die M\u00f6glichkeit zu geben, in Gesundheitseinrichtungen eine Sicherheitskultur zu etablieren und gleichzeitig die bestm\u00f6gliche Gef\u00e4\u00dfversorgung zu gew\u00e4hrleisten.\" \/>\n<meta property=\"og:url\" content=\"https:\/\/eu.bd.com\/iv-news\/de\/ueber\/\" \/>\n<meta property=\"og:site_name\" content=\"BD IV News\" \/>\n<meta property=\"article:modified_time\" content=\"2026-02-24T09:35:14+00:00\" \/>\n<meta name=\"twitter:card\" content=\"summary_large_image\" \/>\n<meta name=\"twitter:label1\" content=\"Estimated reading time\" \/>\n\t<meta name=\"twitter:data1\" content=\"2 minutes\" \/>\n<script type=\"application\/ld+json\" class=\"yoast-schema-graph\">{\"@context\":\"https:\\\/\\\/schema.org\",\"@graph\":[{\"@type\":\"WebPage\",\"@id\":\"https:\\\/\\\/eu.bd.com\\\/iv-news\\\/de\\\/ueber\\\/\",\"url\":\"https:\\\/\\\/eu.bd.com\\\/iv-news\\\/de\\\/ueber\\\/\",\"name\":\"\u00dcber - BD IV News\",\"isPartOf\":{\"@id\":\"https:\\\/\\\/eu.bd.com\\\/iv-news\\\/#website\"},\"datePublished\":\"2024-07-01T16:16:36+00:00\",\"dateModified\":\"2026-02-24T09:35:14+00:00\",\"description\":\"Die Mission von BD IV News besteht darin, medizinischem Personal die M\u00f6glichkeit zu geben, in Gesundheitseinrichtungen eine Sicherheitskultur zu etablieren und gleichzeitig die bestm\u00f6gliche Gef\u00e4\u00dfversorgung zu gew\u00e4hrleisten.\",\"inLanguage\":\"en-GB\",\"potentialAction\":[{\"@type\":\"ReadAction\",\"target\":[\"https:\\\/\\\/eu.bd.com\\\/iv-news\\\/de\\\/ueber\\\/\"]}]},{\"@type\":\"WebSite\",\"@id\":\"https:\\\/\\\/eu.bd.com\\\/iv-news\\\/#website\",\"url\":\"https:\\\/\\\/eu.bd.com\\\/iv-news\\\/\",\"name\":\"BD IV News\",\"description\":\"Your source of information on intravenous therapy, medication delivery and vascular access management.\",\"publisher\":{\"@id\":\"https:\\\/\\\/eu.bd.com\\\/iv-news\\\/#organization\"},\"potentialAction\":[{\"@type\":\"SearchAction\",\"target\":{\"@type\":\"EntryPoint\",\"urlTemplate\":\"https:\\\/\\\/eu.bd.com\\\/iv-news\\\/?s={search_term_string}\"},\"query-input\":{\"@type\":\"PropertyValueSpecification\",\"valueRequired\":true,\"valueName\":\"search_term_string\"}}],\"inLanguage\":\"en-GB\"},{\"@type\":\"Organization\",\"@id\":\"https:\\\/\\\/eu.bd.com\\\/iv-news\\\/#organization\",\"name\":\"BD IV News\",\"url\":\"https:\\\/\\\/eu.bd.com\\\/iv-news\\\/\",\"logo\":{\"@type\":\"ImageObject\",\"inLanguage\":\"en-GB\",\"@id\":\"https:\\\/\\\/eu.bd.com\\\/iv-news\\\/#\\\/schema\\\/logo\\\/image\\\/\",\"url\":\"https:\\\/\\\/eu.bd.com\\\/iv-news\\\/wp-content\\\/uploads\\\/2024\\\/04\\\/BD-Master-Logo-on-Warm-White-512X512px.png\",\"contentUrl\":\"https:\\\/\\\/eu.bd.com\\\/iv-news\\\/wp-content\\\/uploads\\\/2024\\\/04\\\/BD-Master-Logo-on-Warm-White-512X512px.png\",\"width\":512,\"height\":512,\"caption\":\"BD IV News\"},\"image\":{\"@id\":\"https:\\\/\\\/eu.bd.com\\\/iv-news\\\/#\\\/schema\\\/logo\\\/image\\\/\"}}]}<\/script>\n<!-- \/ Yoast SEO plugin. -->","yoast_head_json":{"title":"\u00dcber - BD IV News","description":"Die Mission von BD IV News besteht darin, medizinischem Personal die M\u00f6glichkeit zu geben, in Gesundheitseinrichtungen eine Sicherheitskultur zu etablieren und gleichzeitig die bestm\u00f6gliche Gef\u00e4\u00dfversorgung zu gew\u00e4hrleisten.","robots":{"index":"index","follow":"follow","max-snippet":"max-snippet:-1","max-image-preview":"max-image-preview:large","max-video-preview":"max-video-preview:-1"},"canonical":"https:\/\/eu.bd.com\/iv-news\/de\/ueber\/","og_locale":"en_GB","og_type":"article","og_title":"\u00dcber - BD IV News","og_description":"Die Mission von BD IV News besteht darin, medizinischem Personal die M\u00f6glichkeit zu geben, in Gesundheitseinrichtungen eine Sicherheitskultur zu etablieren und gleichzeitig die bestm\u00f6gliche Gef\u00e4\u00dfversorgung zu gew\u00e4hrleisten.","og_url":"https:\/\/eu.bd.com\/iv-news\/de\/ueber\/","og_site_name":"BD IV News","article_modified_time":"2026-02-24T09:35:14+00:00","twitter_card":"summary_large_image","twitter_misc":{"Estimated reading time":"2 minutes"},"schema":{"@context":"https:\/\/schema.org","@graph":[{"@type":"WebPage","@id":"https:\/\/eu.bd.com\/iv-news\/de\/ueber\/","url":"https:\/\/eu.bd.com\/iv-news\/de\/ueber\/","name":"\u00dcber - BD IV News","isPartOf":{"@id":"https:\/\/eu.bd.com\/iv-news\/#website"},"datePublished":"2024-07-01T16:16:36+00:00","dateModified":"2026-02-24T09:35:14+00:00","description":"Die Mission von BD IV News besteht darin, medizinischem Personal die M\u00f6glichkeit zu geben, in Gesundheitseinrichtungen eine Sicherheitskultur zu etablieren und gleichzeitig die bestm\u00f6gliche Gef\u00e4\u00dfversorgung zu gew\u00e4hrleisten.","inLanguage":"en-GB","potentialAction":[{"@type":"ReadAction","target":["https:\/\/eu.bd.com\/iv-news\/de\/ueber\/"]}]},{"@type":"WebSite","@id":"https:\/\/eu.bd.com\/iv-news\/#website","url":"https:\/\/eu.bd.com\/iv-news\/","name":"BD IV News","description":"Your source of information on intravenous therapy, medication delivery and vascular access management.","publisher":{"@id":"https:\/\/eu.bd.com\/iv-news\/#organization"},"potentialAction":[{"@type":"SearchAction","target":{"@type":"EntryPoint","urlTemplate":"https:\/\/eu.bd.com\/iv-news\/?s={search_term_string}"},"query-input":{"@type":"PropertyValueSpecification","valueRequired":true,"valueName":"search_term_string"}}],"inLanguage":"en-GB"},{"@type":"Organization","@id":"https:\/\/eu.bd.com\/iv-news\/#organization","name":"BD IV News","url":"https:\/\/eu.bd.com\/iv-news\/","logo":{"@type":"ImageObject","inLanguage":"en-GB","@id":"https:\/\/eu.bd.com\/iv-news\/#\/schema\/logo\/image\/","url":"https:\/\/eu.bd.com\/iv-news\/wp-content\/uploads\/2024\/04\/BD-Master-Logo-on-Warm-White-512X512px.png","contentUrl":"https:\/\/eu.bd.com\/iv-news\/wp-content\/uploads\/2024\/04\/BD-Master-Logo-on-Warm-White-512X512px.png","width":512,"height":512,"caption":"BD IV News"},"image":{"@id":"https:\/\/eu.bd.com\/iv-news\/#\/schema\/logo\/image\/"}}]}},"lang":"de","translations":{"de":7970,"fr":7903,"en":7887,"it":7905,"es":7919},"pll_sync_post":[],"_links":{"self":[{"href":"https:\/\/eu.bd.com\/iv-news\/wp-json\/wp\/v2\/pages\/7970","targetHints":{"allow":["GET"]}}],"collection":[{"href":"https:\/\/eu.bd.com\/iv-news\/wp-json\/wp\/v2\/pages"}],"about":[{"href":"https:\/\/eu.bd.com\/iv-news\/wp-json\/wp\/v2\/types\/page"}],"author":[{"embeddable":true,"href":"https:\/\/eu.bd.com\/iv-news\/wp-json\/wp\/v2\/users\/8"}],"replies":[{"embeddable":true,"href":"https:\/\/eu.bd.com\/iv-news\/wp-json\/wp\/v2\/comments?post=7970"}],"version-history":[{"count":3,"href":"https:\/\/eu.bd.com\/iv-news\/wp-json\/wp\/v2\/pages\/7970\/revisions"}],"predecessor-version":[{"id":9091,"href":"https:\/\/eu.bd.com\/iv-news\/wp-json\/wp\/v2\/pages\/7970\/revisions\/9091"}],"wp:attachment":[{"href":"https:\/\/eu.bd.com\/iv-news\/wp-json\/wp\/v2\/media?parent=7970"}],"wp:term":[{"taxonomy":"category","embeddable":true,"href":"https:\/\/eu.bd.com\/iv-news\/wp-json\/wp\/v2\/categories?post=7970"},{"taxonomy":"post_tag","embeddable":true,"href":"https:\/\/eu.bd.com\/iv-news\/wp-json\/wp\/v2\/tags?post=7970"}],"curies":[{"name":"wp","href":"https:\/\/api.w.org\/{rel}","templated":true}]}}