{"id":7919,"date":"2024-07-01T18:16:42","date_gmt":"2024-07-01T16:16:42","guid":{"rendered":"https:\/\/eu.bd.com\/iv-news\/?page_id=7919"},"modified":"2026-02-24T11:36:49","modified_gmt":"2026-02-24T09:36:49","slug":"acerca","status":"publish","type":"page","link":"https:\/\/eu.bd.com\/iv-news\/es\/acerca\/","title":{"rendered":"Acerca"},"content":{"rendered":"<p>Lanzado por primera vez en junio de 2020, BD IV News ofrece a los profesionales sanitarios de Europa, Oriente Medio y \u00c1frica (EMEA) las \u00faltimas noticias y novedades en los campos del tratamiento intravenoso (i.v.) y la administraci\u00f3n de medicaci\u00f3n.<\/p>\n<p>La misi\u00f3n del equipo de BD IV News es permitir que profesionales sanitarios como usted establezcan una cultura de seguridad en sus centros sanitarios, al tiempo que proporcionan la mejor asistencia vascular posible a sus pacientes.<\/p>\n<h2><a href=\"https:\/\/eu.bd.com\/iv-news\/es\/category\/eventos-y-formacion\/\">Eventos y formaci\u00f3n<\/a><\/h2>\n<p>Estas son oportunidades para que adquiera nuevas habilidades y conocimientos de expertos de primer nivel, al tiempo que se establece una red con otros profesionales sanitarios. Cada dos a\u00f1os, venga a ver a BD en el Congreso Mundial de Acceso Vascular (WoCoVA) bienal.<\/p>\n<p>Podemos ayudarle a mejorar la experiencia del paciente y los resultados cl\u00ednicos en todo el proceso asistencial del acceso vascular. A lo largo del a\u00f1o ofrecemos seminarios web sobre temas espec\u00edficos.<\/p>\n<h2><a href=\"#\">BD MACOVA<\/a><\/h2>\n<p>Las ediciones presenciales y virtuales de BD MACOVA cuentan con un rico historial de participaci\u00f3n de l\u00edderes en acceso vascular para compartir su experiencia y visi\u00f3n de la <a href=\"https:\/\/lp.bd.com\/vam\" target=\"_blank\">gesti\u00f3n del acceso vascular (VAM)<\/a> con aquellos que buscan ampliar el uso de los dispositivos de acceso vascular (VAD) y los servicios que prestan en sus centros sanitarios.<\/p>\n<p>Reserve su plaza en futuros congresos presenciales y eventos en l\u00ednea.<\/p>\n<h2><a href=\"https:\/\/eu.bd.com\/iv-news\/es\/category\/novedades-e-innovacion\/\">Novedades e innovaci\u00f3n<\/a><\/h2>\n<p>Descubra las \u00faltimas tendencias en nuevas tecnolog\u00edas y soluciones, prevenci\u00f3n de infecciones, cuidado y mantenimiento de cat\u00e9teres intravenosos. Aprenda t\u00e9cnicas de buenas pr\u00e1cticas centradas en la seguridad de los pacientes y de los profesionales sanitarios.\u200b<\/p>\n<p>Nuestro objetivo es ayudar a los profesionales sanitarios a prestar la mejor asistencia posible a sus pacientes, al tiempo que le ayudamos a evitar lesiones por pinchazo.<\/p>\n<h2><a href=\"https:\/\/eu.bd.com\/iv-news\/es\/ivpedia\/\">I.V.pedia<\/a><\/h2>\n<p>Consulte las definiciones precisas de las complicaciones intravenosas, las causas y las formas de ayudar a prevenirlas en esta enciclopedia en l\u00ednea. Todas las entradas est\u00e1n interrelacionadas, por lo que puede pasar f\u00e1cilmente de una a la siguiente.<\/p>\n<p>Tenemos el compromiso de ayudar a los profesionales sanitarios a adoptar t\u00e9cnicas basadas en datos cient\u00edficos, como los equipos de acceso vascular y los paquetes de medidas asistenciales.<\/p>\n<h2><a href=\"https:\/\/eu.bd.com\/iv-news\/es\/category\/publicaciones-cientificas\/\">Publicaciones cient\u00edficas<\/a><\/h2>\n<p>Mant\u00e9ngase al d\u00eda de los \u00faltimos estudios cient\u00edficos y revisiones sistem\u00e1ticas sobre el tratamiento intravenoso. Puede leer res\u00famenes de los \u00faltimos hallazgos de algunos de los principales expertos en este campo.<\/p>\n<h2><a href=\"https:\/\/eu.bd.com\/iv-news\/es\/inscribete\/\">\u00danase a la comunidad de BD IV News<\/a><\/h2>\n<p>BD IV News ofrece una experiencia de lectura personalizada para los profesionales sanitarios que participan en tratamientos intravenosos. Tras crear su perfil personalizado, puede seleccionar sus \u00e1reas de inter\u00e9s y su profesi\u00f3n. A continuaci\u00f3n, la p\u00e1gina de inicio mostrar\u00e1 el contenido m\u00e1s reciente y relevante para usted.<\/p>\n<p>Como miembro de la comunidad de BD IV News, tendr\u00e1 acceso a contenido exclusivo. Cada mes, usted recibir\u00e1 las noticias cuidadosamente seleccionadas de expertos directamente en su bandeja de entrada.<\/p>\n<h2><a href=\"https:\/\/eu.bd.com\/iv-news\/es\/contactar\/\">P\u00f3ngase en contacto con nosotros<\/a><\/h2>\n<p>Si tiene alguna sugerencia de contenido que desee ver en BD IV News, comentarios sobre c\u00f3mo podemos mejorar el sitio web o preguntas sobre el tratamiento intravenoso o la administraci\u00f3n de medicamentos, no dude en ponerse en contacto con nosotros. Nos encantar\u00eda o\u00edr lo que tiene que decir.<\/p>\n","protected":false},"excerpt":{"rendered":"<p>Lanzado por primera vez en junio de 2020, BD IV News ofrece a los profesionales sanitarios de Europa, Oriente Medio&#8230;<\/p>\n","protected":false},"author":8,"featured_media":0,"parent":0,"menu_order":0,"comment_status":"closed","ping_status":"closed","template":"","meta":{"_acf_changed":false,"footnotes":""},"categories":[],"tags":[],"class_list":["post-7919","page","type-page","status-publish","hentry"],"acf":[],"yoast_head":"<!-- This site is optimized with the Yoast SEO plugin v27.3 - https:\/\/yoast.com\/product\/yoast-seo-wordpress\/ -->\n<title>Acerca - BD IV News<\/title>\n<meta name=\"description\" content=\"La misi\u00f3n de BD IV News es permitir que los profesionales sanitarios establezcan una cultura de seguridad en los centros de atenci\u00f3n sanitaria y, al mismo tiempo, proporcionen la mejor atenci\u00f3n vascular posible.\" \/>\n<meta name=\"robots\" content=\"index, follow, max-snippet:-1, max-image-preview:large, max-video-preview:-1\" \/>\n<link rel=\"canonical\" href=\"https:\/\/eu.bd.com\/iv-news\/es\/acerca\/\" \/>\n<meta property=\"og:locale\" content=\"en_GB\" \/>\n<meta property=\"og:type\" content=\"article\" \/>\n<meta property=\"og:title\" content=\"Acerca - BD IV News\" \/>\n<meta property=\"og:description\" content=\"La misi\u00f3n de BD IV News es permitir que los profesionales sanitarios establezcan una cultura de seguridad en los centros de atenci\u00f3n sanitaria y, al mismo tiempo, proporcionen la mejor atenci\u00f3n vascular posible.\" \/>\n<meta property=\"og:url\" content=\"https:\/\/eu.bd.com\/iv-news\/es\/acerca\/\" \/>\n<meta property=\"og:site_name\" content=\"BD IV News\" \/>\n<meta property=\"article:modified_time\" content=\"2026-02-24T09:36:49+00:00\" \/>\n<meta name=\"twitter:card\" content=\"summary_large_image\" \/>\n<meta name=\"twitter:label1\" content=\"Estimated reading time\" \/>\n\t<meta name=\"twitter:data1\" content=\"3 minutes\" \/>\n<script type=\"application\/ld+json\" class=\"yoast-schema-graph\">{\"@context\":\"https:\\\/\\\/schema.org\",\"@graph\":[{\"@type\":\"WebPage\",\"@id\":\"https:\\\/\\\/eu.bd.com\\\/iv-news\\\/es\\\/acerca\\\/\",\"url\":\"https:\\\/\\\/eu.bd.com\\\/iv-news\\\/es\\\/acerca\\\/\",\"name\":\"Acerca - BD IV News\",\"isPartOf\":{\"@id\":\"https:\\\/\\\/eu.bd.com\\\/iv-news\\\/#website\"},\"datePublished\":\"2024-07-01T16:16:42+00:00\",\"dateModified\":\"2026-02-24T09:36:49+00:00\",\"description\":\"La misi\u00f3n de BD IV News es permitir que los profesionales sanitarios establezcan una cultura de seguridad en los centros de atenci\u00f3n sanitaria y, al mismo tiempo, proporcionen la mejor atenci\u00f3n vascular posible.\",\"inLanguage\":\"en-GB\",\"potentialAction\":[{\"@type\":\"ReadAction\",\"target\":[\"https:\\\/\\\/eu.bd.com\\\/iv-news\\\/es\\\/acerca\\\/\"]}]},{\"@type\":\"WebSite\",\"@id\":\"https:\\\/\\\/eu.bd.com\\\/iv-news\\\/#website\",\"url\":\"https:\\\/\\\/eu.bd.com\\\/iv-news\\\/\",\"name\":\"BD IV News\",\"description\":\"Your source of information on intravenous therapy, medication delivery and vascular access management.\",\"publisher\":{\"@id\":\"https:\\\/\\\/eu.bd.com\\\/iv-news\\\/#organization\"},\"potentialAction\":[{\"@type\":\"SearchAction\",\"target\":{\"@type\":\"EntryPoint\",\"urlTemplate\":\"https:\\\/\\\/eu.bd.com\\\/iv-news\\\/?s={search_term_string}\"},\"query-input\":{\"@type\":\"PropertyValueSpecification\",\"valueRequired\":true,\"valueName\":\"search_term_string\"}}],\"inLanguage\":\"en-GB\"},{\"@type\":\"Organization\",\"@id\":\"https:\\\/\\\/eu.bd.com\\\/iv-news\\\/#organization\",\"name\":\"BD IV News\",\"url\":\"https:\\\/\\\/eu.bd.com\\\/iv-news\\\/\",\"logo\":{\"@type\":\"ImageObject\",\"inLanguage\":\"en-GB\",\"@id\":\"https:\\\/\\\/eu.bd.com\\\/iv-news\\\/#\\\/schema\\\/logo\\\/image\\\/\",\"url\":\"https:\\\/\\\/eu.bd.com\\\/iv-news\\\/wp-content\\\/uploads\\\/2024\\\/04\\\/BD-Master-Logo-on-Warm-White-512X512px.png\",\"contentUrl\":\"https:\\\/\\\/eu.bd.com\\\/iv-news\\\/wp-content\\\/uploads\\\/2024\\\/04\\\/BD-Master-Logo-on-Warm-White-512X512px.png\",\"width\":512,\"height\":512,\"caption\":\"BD IV News\"},\"image\":{\"@id\":\"https:\\\/\\\/eu.bd.com\\\/iv-news\\\/#\\\/schema\\\/logo\\\/image\\\/\"}}]}<\/script>\n<!-- \/ Yoast SEO plugin. -->","yoast_head_json":{"title":"Acerca - BD IV News","description":"La misi\u00f3n de BD IV News es permitir que los profesionales sanitarios establezcan una cultura de seguridad en los centros de atenci\u00f3n sanitaria y, al mismo tiempo, proporcionen la mejor atenci\u00f3n vascular posible.","robots":{"index":"index","follow":"follow","max-snippet":"max-snippet:-1","max-image-preview":"max-image-preview:large","max-video-preview":"max-video-preview:-1"},"canonical":"https:\/\/eu.bd.com\/iv-news\/es\/acerca\/","og_locale":"en_GB","og_type":"article","og_title":"Acerca - BD IV News","og_description":"La misi\u00f3n de BD IV News es permitir que los profesionales sanitarios establezcan una cultura de seguridad en los centros de atenci\u00f3n sanitaria y, al mismo tiempo, proporcionen la mejor atenci\u00f3n vascular posible.","og_url":"https:\/\/eu.bd.com\/iv-news\/es\/acerca\/","og_site_name":"BD IV News","article_modified_time":"2026-02-24T09:36:49+00:00","twitter_card":"summary_large_image","twitter_misc":{"Estimated reading time":"3 minutes"},"schema":{"@context":"https:\/\/schema.org","@graph":[{"@type":"WebPage","@id":"https:\/\/eu.bd.com\/iv-news\/es\/acerca\/","url":"https:\/\/eu.bd.com\/iv-news\/es\/acerca\/","name":"Acerca - BD IV News","isPartOf":{"@id":"https:\/\/eu.bd.com\/iv-news\/#website"},"datePublished":"2024-07-01T16:16:42+00:00","dateModified":"2026-02-24T09:36:49+00:00","description":"La misi\u00f3n de BD IV News es permitir que los profesionales sanitarios establezcan una cultura de seguridad en los centros de atenci\u00f3n sanitaria y, al mismo tiempo, proporcionen la mejor atenci\u00f3n vascular posible.","inLanguage":"en-GB","potentialAction":[{"@type":"ReadAction","target":["https:\/\/eu.bd.com\/iv-news\/es\/acerca\/"]}]},{"@type":"WebSite","@id":"https:\/\/eu.bd.com\/iv-news\/#website","url":"https:\/\/eu.bd.com\/iv-news\/","name":"BD IV News","description":"Your source of information on intravenous therapy, medication delivery and vascular access management.","publisher":{"@id":"https:\/\/eu.bd.com\/iv-news\/#organization"},"potentialAction":[{"@type":"SearchAction","target":{"@type":"EntryPoint","urlTemplate":"https:\/\/eu.bd.com\/iv-news\/?s={search_term_string}"},"query-input":{"@type":"PropertyValueSpecification","valueRequired":true,"valueName":"search_term_string"}}],"inLanguage":"en-GB"},{"@type":"Organization","@id":"https:\/\/eu.bd.com\/iv-news\/#organization","name":"BD IV News","url":"https:\/\/eu.bd.com\/iv-news\/","logo":{"@type":"ImageObject","inLanguage":"en-GB","@id":"https:\/\/eu.bd.com\/iv-news\/#\/schema\/logo\/image\/","url":"https:\/\/eu.bd.com\/iv-news\/wp-content\/uploads\/2024\/04\/BD-Master-Logo-on-Warm-White-512X512px.png","contentUrl":"https:\/\/eu.bd.com\/iv-news\/wp-content\/uploads\/2024\/04\/BD-Master-Logo-on-Warm-White-512X512px.png","width":512,"height":512,"caption":"BD IV News"},"image":{"@id":"https:\/\/eu.bd.com\/iv-news\/#\/schema\/logo\/image\/"}}]}},"lang":"es","translations":{"es":7919,"fr":7903,"en":7887,"it":7905,"de":7970},"pll_sync_post":[],"_links":{"self":[{"href":"https:\/\/eu.bd.com\/iv-news\/wp-json\/wp\/v2\/pages\/7919","targetHints":{"allow":["GET"]}}],"collection":[{"href":"https:\/\/eu.bd.com\/iv-news\/wp-json\/wp\/v2\/pages"}],"about":[{"href":"https:\/\/eu.bd.com\/iv-news\/wp-json\/wp\/v2\/types\/page"}],"author":[{"embeddable":true,"href":"https:\/\/eu.bd.com\/iv-news\/wp-json\/wp\/v2\/users\/8"}],"replies":[{"embeddable":true,"href":"https:\/\/eu.bd.com\/iv-news\/wp-json\/wp\/v2\/comments?post=7919"}],"version-history":[{"count":2,"href":"https:\/\/eu.bd.com\/iv-news\/wp-json\/wp\/v2\/pages\/7919\/revisions"}],"predecessor-version":[{"id":9092,"href":"https:\/\/eu.bd.com\/iv-news\/wp-json\/wp\/v2\/pages\/7919\/revisions\/9092"}],"wp:attachment":[{"href":"https:\/\/eu.bd.com\/iv-news\/wp-json\/wp\/v2\/media?parent=7919"}],"wp:term":[{"taxonomy":"category","embeddable":true,"href":"https:\/\/eu.bd.com\/iv-news\/wp-json\/wp\/v2\/categories?post=7919"},{"taxonomy":"post_tag","embeddable":true,"href":"https:\/\/eu.bd.com\/iv-news\/wp-json\/wp\/v2\/tags?post=7919"}],"curies":[{"name":"wp","href":"https:\/\/api.w.org\/{rel}","templated":true}]}}