{"id":7903,"date":"2024-07-01T18:16:48","date_gmt":"2024-07-01T16:16:48","guid":{"rendered":"https:\/\/eu.bd.com\/iv-news\/?page_id=7903"},"modified":"2026-02-24T11:15:32","modified_gmt":"2026-02-24T09:15:32","slug":"a-propos","status":"publish","type":"page","link":"https:\/\/eu.bd.com\/iv-news\/fr\/a-propos\/","title":{"rendered":"\u00c0 propos"},"content":{"rendered":"<p>Lanc\u00e9 pour la premi\u00e8re fois en juin\u00a02020, BD IV News communique aux professionnels de sant\u00e9 d\u2019Europe, du Moyen-Orient et d\u2019Afrique (EMEA) les derni\u00e8res actualit\u00e9s et avanc\u00e9es dans les domaines du traitement intraveineux (IV) et de l\u2019administration de m\u00e9dicaments.<\/p>\n<p>L\u2019\u00e9quipe BD IV News a pour mission de permettre aux professionnels de sant\u00e9 tels que vous d\u2019instaurer une culture de s\u00e9curit\u00e9 dans vos \u00e9tablissements de sant\u00e9, tout en dispensant les meilleurs soins vasculaires possibles \u00e0 vos patients.<\/p>\n<h2><a href=\"https:\/\/eu.bd.com\/iv-news\/fr\/category\/evenements-et-formation\/\">\u00c9v\u00e9nements et formations<\/a><\/h2>\n<p>Autant d&#8217;opportunit\u00e9s pour vous d\u2019acqu\u00e9rir de nouvelles comp\u00e9tences et connaissances aupr\u00e8s d\u2019experts de renomm\u00e9e mondiale, tout en d\u00e9veloppant vos relations avec d\u2019autres professionnels de sant\u00e9. Tous les deux ans, venez rencontrer BD au World Congress on Vascular Access (WoCoVA). Nous pouvons vous aider \u00e0 am\u00e9liorer l\u2019exp\u00e9rience de vos patients et vos r\u00e9sultats cliniques tout au long du continuum de soins pour l\u2019acc\u00e8s vasculaire.<\/p>\n<p>Des webinaires sur des sujets sp\u00e9cifiques sont propos\u00e9s tout au long de l\u2019ann\u00e9e.<\/p>\n<h2><a href=\"#\">BD MACOVA<\/a><\/h2>\n<p>Les \u00e9ditions en pr\u00e9sentiel et virtuelles du BD MACOVA sont l\u2019occasion pour les experts de l\u2019acc\u00e8s vasculaire de partager leur exp\u00e9rience et leur vision de la <a href=\"https:\/\/lp.bd.com\/vam\" target=\"_blank\">gestion des acc\u00e8s vasculaires (VAM)<\/a> avec les personnes qui cherchent \u00e0 \u00e9tendre l\u2019utilisation des dispositifs d\u2019acc\u00e8s vasculaire et des services qu\u2019elles proposent dans leurs \u00e9tablissements de sant\u00e9.<\/p>\n<p>R\u00e9servez votre place pour de futurs congr\u00e8s en pr\u00e9sentiel et \u00e9v\u00e9nements en ligne.<\/p>\n<h2><a href=\"https:\/\/eu.bd.com\/iv-news\/fr\/category\/actualites-et-innovation\/\">Actualit\u00e9s et innovation<\/a><\/h2>\n<p>D\u00e9couvrez les derni\u00e8res tendances en mati\u00e8re de nouvelles technologies et solutions, de pr\u00e9vention des infections, de soins et d\u2019entretien des cath\u00e9ters IV. Consultez les bonnes pratiques ax\u00e9es sur la s\u00e9curit\u00e9 des patients et des professionnels de sant\u00e9.\u200b Nous avons pour objectif d&#8217;aider les professionnels de sant\u00e9 \u00e0 prodiguer les meilleurs soins possibles \u00e0 leurs patients et \u00e0 pr\u00e9venir les blessures par piq\u00fbre d&#8217;aiguille.<\/p>\n<h2><a href=\"https:\/\/eu.bd.com\/iv-news\/fr\/ivpedia\/\">I.V.p\u00e9dia<\/a><\/h2>\n<p>Recherchez dans cette encyclop\u00e9die en ligne les d\u00e9finitions pr\u00e9cises des complications IV, leurs causes et les moyens de les pr\u00e9venir. Toutes les entr\u00e9es sont interconnect\u00e9es, de sorte que vous pouvez facilement passer de l&#8217;une \u00e0 l&#8217;autre. Nous nous engageons \u00e0 aider les professionnels de sant\u00e9 \u00e0 adopter des techniques fond\u00e9es sur des donn\u00e9es probantes, telles que les unit\u00e9s d\u2019acc\u00e8s vasculaire et les mesures group\u00e9es de soins.<\/p>\n<h2><a href=\"https:\/\/eu.bd.com\/iv-news\/fr\/category\/publications-scientifiques\/\">Publications scientifiques<\/a><\/h2>\n<p>Restez inform\u00e9(e) des derni\u00e8res \u00e9tudes scientifiques et analyses syst\u00e9matiques sur le traitement IV. Vous pouvez lire les synth\u00e8ses des derni\u00e8res conclusions \u00e9mises par certains des meilleurs experts dans ce domaine.<\/p>\n<h2><a href=\"https:\/\/eu.bd.com\/iv-news\/fr\/inscription\/\">Rejoignez la communaut\u00e9 BD IV News<\/a><\/h2>\n<p>BD IV News offre une exp\u00e9rience de lecture personnalis\u00e9e aux professionnels de sant\u00e9 impliqu\u00e9s dans le traitement IV. Apr\u00e8s avoir cr\u00e9\u00e9 votre profil personnalis\u00e9, vous pouvez s\u00e9lectionner votre profession et vos centres d&#8217;int\u00e9r\u00eat. Ensuite, la page d&#8217;accueil affichera les contenus les plus r\u00e9cents et les plus pertinents pour vous.<\/p>\n<p>En tant que membre de la communaut\u00e9 BD IV News, vous aurez acc\u00e8s \u00e0 des contenus exclusifs. Chaque mois, vous recevrez directement dans votre messagerie des articles d\u2019experts soigneusement s\u00e9lectionn\u00e9s.<\/p>\n<h2><a href=\"https:\/\/eu.bd.com\/iv-news\/fr\/contactez-nous\/\">Nous contacter<\/a><\/h2>\n<p>Si vous avez des suggestions de contenus que vous souhaitez voir appara\u00eetre sur BD IV News, des observations sur la fa\u00e7on dont nous pouvons am\u00e9liorer le site Web ou des questions sur le traitement IV ou l\u2019administration de m\u00e9dicaments, n\u2019h\u00e9sitez pas \u00e0 nous contacter. Nous serons ravis de vous lire.<\/p>\n","protected":false},"excerpt":{"rendered":"<p>Lanc\u00e9 pour la premi\u00e8re fois en juin\u00a02020, BD IV News communique aux professionnels de sant\u00e9 d\u2019Europe, du Moyen-Orient et d\u2019Afrique&#8230;<\/p>\n","protected":false},"author":8,"featured_media":0,"parent":0,"menu_order":0,"comment_status":"closed","ping_status":"closed","template":"","meta":{"_acf_changed":false,"footnotes":""},"categories":[],"tags":[],"class_list":["post-7903","page","type-page","status-publish","hentry"],"acf":[],"yoast_head":"<!-- This site is optimized with the Yoast SEO plugin v27.5 - https:\/\/yoast.com\/product\/yoast-seo-wordpress\/ -->\n<title>\u00c0 propos - BD IV News<\/title>\n<meta name=\"description\" content=\"La mission de BD IV News est de permettre aux professionnels de la sant\u00e9 d&#039;\u00e9tablir une culture de s\u00e9curit\u00e9 dans les \u00e9tablissements de sant\u00e9, tout en fournissant les meilleurs soins vasculaires possibles.\" \/>\n<meta name=\"robots\" content=\"index, follow, max-snippet:-1, max-image-preview:large, max-video-preview:-1\" \/>\n<link rel=\"canonical\" href=\"https:\/\/eu.bd.com\/iv-news\/fr\/a-propos\/\" \/>\n<meta property=\"og:locale\" content=\"en_GB\" \/>\n<meta property=\"og:type\" content=\"article\" \/>\n<meta property=\"og:title\" content=\"\u00c0 propos - BD IV News\" \/>\n<meta property=\"og:description\" content=\"La mission de BD IV News est de permettre aux professionnels de la sant\u00e9 d&#039;\u00e9tablir une culture de s\u00e9curit\u00e9 dans les \u00e9tablissements de sant\u00e9, tout en fournissant les meilleurs soins vasculaires possibles.\" \/>\n<meta property=\"og:url\" content=\"https:\/\/eu.bd.com\/iv-news\/fr\/a-propos\/\" \/>\n<meta property=\"og:site_name\" content=\"BD IV News\" \/>\n<meta property=\"article:modified_time\" content=\"2026-02-24T09:15:32+00:00\" \/>\n<meta name=\"twitter:card\" content=\"summary_large_image\" \/>\n<meta name=\"twitter:label1\" content=\"Estimated reading time\" \/>\n\t<meta name=\"twitter:data1\" content=\"3 minutes\" \/>\n<script type=\"application\/ld+json\" class=\"yoast-schema-graph\">{\"@context\":\"https:\\\/\\\/schema.org\",\"@graph\":[{\"@type\":\"WebPage\",\"@id\":\"https:\\\/\\\/eu.bd.com\\\/iv-news\\\/fr\\\/a-propos\\\/\",\"url\":\"https:\\\/\\\/eu.bd.com\\\/iv-news\\\/fr\\\/a-propos\\\/\",\"name\":\"\u00c0 propos - BD IV News\",\"isPartOf\":{\"@id\":\"https:\\\/\\\/eu.bd.com\\\/iv-news\\\/#website\"},\"datePublished\":\"2024-07-01T16:16:48+00:00\",\"dateModified\":\"2026-02-24T09:15:32+00:00\",\"description\":\"La mission de BD IV News est de permettre aux professionnels de la sant\u00e9 d'\u00e9tablir une culture de s\u00e9curit\u00e9 dans les \u00e9tablissements de sant\u00e9, tout en fournissant les meilleurs soins vasculaires possibles.\",\"inLanguage\":\"en-GB\",\"potentialAction\":[{\"@type\":\"ReadAction\",\"target\":[\"https:\\\/\\\/eu.bd.com\\\/iv-news\\\/fr\\\/a-propos\\\/\"]}]},{\"@type\":\"WebSite\",\"@id\":\"https:\\\/\\\/eu.bd.com\\\/iv-news\\\/#website\",\"url\":\"https:\\\/\\\/eu.bd.com\\\/iv-news\\\/\",\"name\":\"BD IV News\",\"description\":\"Your source of information on intravenous therapy, medication delivery and vascular access management.\",\"publisher\":{\"@id\":\"https:\\\/\\\/eu.bd.com\\\/iv-news\\\/#organization\"},\"potentialAction\":[{\"@type\":\"SearchAction\",\"target\":{\"@type\":\"EntryPoint\",\"urlTemplate\":\"https:\\\/\\\/eu.bd.com\\\/iv-news\\\/?s={search_term_string}\"},\"query-input\":{\"@type\":\"PropertyValueSpecification\",\"valueRequired\":true,\"valueName\":\"search_term_string\"}}],\"inLanguage\":\"en-GB\"},{\"@type\":\"Organization\",\"@id\":\"https:\\\/\\\/eu.bd.com\\\/iv-news\\\/#organization\",\"name\":\"BD IV News\",\"url\":\"https:\\\/\\\/eu.bd.com\\\/iv-news\\\/\",\"logo\":{\"@type\":\"ImageObject\",\"inLanguage\":\"en-GB\",\"@id\":\"https:\\\/\\\/eu.bd.com\\\/iv-news\\\/#\\\/schema\\\/logo\\\/image\\\/\",\"url\":\"https:\\\/\\\/eu.bd.com\\\/iv-news\\\/wp-content\\\/uploads\\\/2024\\\/04\\\/BD-Master-Logo-on-Warm-White-512X512px.png\",\"contentUrl\":\"https:\\\/\\\/eu.bd.com\\\/iv-news\\\/wp-content\\\/uploads\\\/2024\\\/04\\\/BD-Master-Logo-on-Warm-White-512X512px.png\",\"width\":512,\"height\":512,\"caption\":\"BD IV News\"},\"image\":{\"@id\":\"https:\\\/\\\/eu.bd.com\\\/iv-news\\\/#\\\/schema\\\/logo\\\/image\\\/\"}}]}<\/script>\n<!-- \/ Yoast SEO plugin. -->","yoast_head_json":{"title":"\u00c0 propos - BD IV News","description":"La mission de BD IV News est de permettre aux professionnels de la sant\u00e9 d'\u00e9tablir une culture de s\u00e9curit\u00e9 dans les \u00e9tablissements de sant\u00e9, tout en fournissant les meilleurs soins vasculaires possibles.","robots":{"index":"index","follow":"follow","max-snippet":"max-snippet:-1","max-image-preview":"max-image-preview:large","max-video-preview":"max-video-preview:-1"},"canonical":"https:\/\/eu.bd.com\/iv-news\/fr\/a-propos\/","og_locale":"en_GB","og_type":"article","og_title":"\u00c0 propos - BD IV News","og_description":"La mission de BD IV News est de permettre aux professionnels de la sant\u00e9 d'\u00e9tablir une culture de s\u00e9curit\u00e9 dans les \u00e9tablissements de sant\u00e9, tout en fournissant les meilleurs soins vasculaires possibles.","og_url":"https:\/\/eu.bd.com\/iv-news\/fr\/a-propos\/","og_site_name":"BD IV News","article_modified_time":"2026-02-24T09:15:32+00:00","twitter_card":"summary_large_image","twitter_misc":{"Estimated reading time":"3 minutes"},"schema":{"@context":"https:\/\/schema.org","@graph":[{"@type":"WebPage","@id":"https:\/\/eu.bd.com\/iv-news\/fr\/a-propos\/","url":"https:\/\/eu.bd.com\/iv-news\/fr\/a-propos\/","name":"\u00c0 propos - BD IV News","isPartOf":{"@id":"https:\/\/eu.bd.com\/iv-news\/#website"},"datePublished":"2024-07-01T16:16:48+00:00","dateModified":"2026-02-24T09:15:32+00:00","description":"La mission de BD IV News est de permettre aux professionnels de la sant\u00e9 d'\u00e9tablir une culture de s\u00e9curit\u00e9 dans les \u00e9tablissements de sant\u00e9, tout en fournissant les meilleurs soins vasculaires possibles.","inLanguage":"en-GB","potentialAction":[{"@type":"ReadAction","target":["https:\/\/eu.bd.com\/iv-news\/fr\/a-propos\/"]}]},{"@type":"WebSite","@id":"https:\/\/eu.bd.com\/iv-news\/#website","url":"https:\/\/eu.bd.com\/iv-news\/","name":"BD IV News","description":"Your source of information on intravenous therapy, medication delivery and vascular access management.","publisher":{"@id":"https:\/\/eu.bd.com\/iv-news\/#organization"},"potentialAction":[{"@type":"SearchAction","target":{"@type":"EntryPoint","urlTemplate":"https:\/\/eu.bd.com\/iv-news\/?s={search_term_string}"},"query-input":{"@type":"PropertyValueSpecification","valueRequired":true,"valueName":"search_term_string"}}],"inLanguage":"en-GB"},{"@type":"Organization","@id":"https:\/\/eu.bd.com\/iv-news\/#organization","name":"BD IV News","url":"https:\/\/eu.bd.com\/iv-news\/","logo":{"@type":"ImageObject","inLanguage":"en-GB","@id":"https:\/\/eu.bd.com\/iv-news\/#\/schema\/logo\/image\/","url":"https:\/\/eu.bd.com\/iv-news\/wp-content\/uploads\/2024\/04\/BD-Master-Logo-on-Warm-White-512X512px.png","contentUrl":"https:\/\/eu.bd.com\/iv-news\/wp-content\/uploads\/2024\/04\/BD-Master-Logo-on-Warm-White-512X512px.png","width":512,"height":512,"caption":"BD IV News"},"image":{"@id":"https:\/\/eu.bd.com\/iv-news\/#\/schema\/logo\/image\/"}}]}},"lang":"fr","translations":{"fr":7903,"en":7887,"it":7905,"es":7919,"de":7970},"pll_sync_post":[],"_links":{"self":[{"href":"https:\/\/eu.bd.com\/iv-news\/wp-json\/wp\/v2\/pages\/7903","targetHints":{"allow":["GET"]}}],"collection":[{"href":"https:\/\/eu.bd.com\/iv-news\/wp-json\/wp\/v2\/pages"}],"about":[{"href":"https:\/\/eu.bd.com\/iv-news\/wp-json\/wp\/v2\/types\/page"}],"author":[{"embeddable":true,"href":"https:\/\/eu.bd.com\/iv-news\/wp-json\/wp\/v2\/users\/8"}],"replies":[{"embeddable":true,"href":"https:\/\/eu.bd.com\/iv-news\/wp-json\/wp\/v2\/comments?post=7903"}],"version-history":[{"count":3,"href":"https:\/\/eu.bd.com\/iv-news\/wp-json\/wp\/v2\/pages\/7903\/revisions"}],"predecessor-version":[{"id":9089,"href":"https:\/\/eu.bd.com\/iv-news\/wp-json\/wp\/v2\/pages\/7903\/revisions\/9089"}],"wp:attachment":[{"href":"https:\/\/eu.bd.com\/iv-news\/wp-json\/wp\/v2\/media?parent=7903"}],"wp:term":[{"taxonomy":"category","embeddable":true,"href":"https:\/\/eu.bd.com\/iv-news\/wp-json\/wp\/v2\/categories?post=7903"},{"taxonomy":"post_tag","embeddable":true,"href":"https:\/\/eu.bd.com\/iv-news\/wp-json\/wp\/v2\/tags?post=7903"}],"curies":[{"name":"wp","href":"https:\/\/api.w.org\/{rel}","templated":true}]}}