{"id":7707,"date":"2024-04-03T09:53:47","date_gmt":"2024-04-03T08:53:47","guid":{"rendered":"https:\/\/eu.bd.com\/iv-news\/?page_id=7707"},"modified":"2025-06-05T17:21:50","modified_gmt":"2025-06-05T15:21:50","slug":"registrieren-sie-sich","status":"publish","type":"page","link":"https:\/\/eu.bd.com\/iv-news\/de\/registrieren-sie-sich\/","title":{"rendered":"Registrieren Sie sich"},"content":{"rendered":"<h1>Treten Sie der BD IV News Vambassador community heute bei und entdecken Sie eine Welt voller Vorteile<\/h1>\n<p>  <img decoding=\"async\" data-src=\"https:\/\/eu.bd.com\/iv-news\/wp-content\/uploads\/2025\/06\/VAMbassador-Home.jpg\" \n         alt=\"VAMbassador\" \n         class=\"vambassador-image lazyload\" src=\"data:image\/svg+xml;base64,PHN2ZyB3aWR0aD0iMSIgaGVpZ2h0PSIxIiB4bWxucz0iaHR0cDovL3d3dy53My5vcmcvMjAwMC9zdmciPjwvc3ZnPg==\" style=\"--smush-placeholder-width: 1200px; --smush-placeholder-aspect-ratio: 1200\/400;\"><\/p>\n<p>Ihre Informationsquelle zur intraven\u00f6sen Therapie mit w\u00f6chentlichen Beitr\u00e4gen \u00fcber die Verabreichung von Medikamenten und das Gef\u00e4\u00dfzugangsmanagement hat sich in eine Community verwandelt. <strong>Hier sind die Vorteile, die Sie durch die Anmeldung erhalten:<\/strong><\/p>\n<p>&nbsp;<\/p>\n<div id='gallery-1' class='gallery galleryid-7707 gallery-columns-3 gallery-size-full'><figure class='gallery-item'>\n\t\t\t<div class='gallery-icon '>\n\t\t\t\t<img decoding=\"async\" data-src=\"https:\/\/eu.bd.com\/iv-news\/wp-content\/uploads\/2024\/04\/material-symbols_fingerprint-1.svg\" class=\"attachment-full size-full lazyload\" alt=\"\" aria-describedby=\"gallery-1-7709\" src=\"data:image\/svg+xml;base64,PHN2ZyB3aWR0aD0iMSIgaGVpZ2h0PSIxIiB4bWxucz0iaHR0cDovL3d3dy53My5vcmcvMjAwMC9zdmciPjwvc3ZnPg==\" \/>\n\t\t\t<\/div>\n\t\t\t\t<figcaption class='wp-caption-text gallery-caption' id='gallery-1-7709'>\n\t\t\t\tPersonalisierte Erfahrung <br\/> <small>Informationen zu den Themen, die f\u00fcr Sie am wichtigsten sind<\/small>\n\t\t\t\t<\/figcaption><\/figure><figure class='gallery-item'>\n\t\t\t<div class='gallery-icon '>\n\t\t\t\t<img decoding=\"async\" data-src=\"https:\/\/eu.bd.com\/iv-news\/wp-content\/uploads\/2024\/04\/fluent_lock-open-28-regular-1.svg\" class=\"attachment-full size-full lazyload\" alt=\"\" aria-describedby=\"gallery-1-7708\" src=\"data:image\/svg+xml;base64,PHN2ZyB3aWR0aD0iMSIgaGVpZ2h0PSIxIiB4bWxucz0iaHR0cDovL3d3dy53My5vcmcvMjAwMC9zdmciPjwvc3ZnPg==\" \/>\n\t\t\t<\/div>\n\t\t\t\t<figcaption class='wp-caption-text gallery-caption' id='gallery-1-7708'>\n\t\t\t\tExklusive Inhalte <br\/> <small>Zugang zu Vortr\u00e4gen von Fachreferenten<\/small>\n\t\t\t\t<\/figcaption><\/figure><figure class='gallery-item'>\n\t\t\t<div class='gallery-icon '>\n\t\t\t\t<img decoding=\"async\" data-src=\"https:\/\/eu.bd.com\/iv-news\/wp-content\/uploads\/2024\/04\/newsletter-1.svg\" class=\"attachment-full size-full lazyload\" alt=\"\" aria-describedby=\"gallery-1-7710\" src=\"data:image\/svg+xml;base64,PHN2ZyB3aWR0aD0iMSIgaGVpZ2h0PSIxIiB4bWxucz0iaHR0cDovL3d3dy53My5vcmcvMjAwMC9zdmciPjwvc3ZnPg==\" \/>\n\t\t\t<\/div>\n\t\t\t\t<figcaption class='wp-caption-text gallery-caption' id='gallery-1-7710'>\n\t\t\t\tMonatlicher Newsletter <br\/> <small>Personalisierte Updates in Ihrem Postfach<\/small>\n\t\t\t\t<\/figcaption><\/figure>\n\t\t<\/div>\n\n","protected":false},"excerpt":{"rendered":"<p>Treten Sie der BD IV News Vambassador community heute bei und entdecken Sie eine Welt voller Vorteile Ihre Informationsquelle zur&#8230;<\/p>\n","protected":false},"author":1,"featured_media":0,"parent":0,"menu_order":0,"comment_status":"closed","ping_status":"closed","template":"page-register.php","meta":{"_acf_changed":false,"footnotes":""},"categories":[],"tags":[],"class_list":["post-7707","page","type-page","status-publish","hentry"],"acf":[],"yoast_head":"<!-- This site is optimized with the Yoast SEO plugin v27.5 - https:\/\/yoast.com\/product\/yoast-seo-wordpress\/ -->\n<title>Registrieren Sie sich - BD IV News<\/title>\n<meta name=\"robots\" content=\"index, follow, max-snippet:-1, max-image-preview:large, max-video-preview:-1\" \/>\n<link rel=\"canonical\" href=\"https:\/\/eu.bd.com\/iv-news\/de\/registrieren-sie-sich\/\" \/>\n<meta property=\"og:locale\" content=\"en_GB\" \/>\n<meta property=\"og:type\" content=\"article\" \/>\n<meta property=\"og:title\" content=\"Registrieren Sie sich - BD IV News\" \/>\n<meta property=\"og:description\" content=\"Treten Sie der BD IV News Vambassador community heute bei und entdecken Sie eine Welt voller Vorteile Ihre Informationsquelle zur...\" \/>\n<meta property=\"og:url\" content=\"https:\/\/eu.bd.com\/iv-news\/de\/registrieren-sie-sich\/\" \/>\n<meta property=\"og:site_name\" content=\"BD IV News\" \/>\n<meta property=\"article:modified_time\" content=\"2025-06-05T15:21:50+00:00\" \/>\n<meta property=\"og:image\" content=\"https:\/\/eu.bd.com\/iv-news\/wp-content\/uploads\/2024\/04\/material-symbols_fingerprint-1.svg\" \/>\n<meta name=\"twitter:card\" content=\"summary_large_image\" \/>\n<meta name=\"twitter:label1\" content=\"Estimated reading time\" \/>\n\t<meta name=\"twitter:data1\" content=\"1 minute\" \/>\n<script type=\"application\/ld+json\" class=\"yoast-schema-graph\">{\"@context\":\"https:\\\/\\\/schema.org\",\"@graph\":[{\"@type\":\"WebPage\",\"@id\":\"https:\\\/\\\/eu.bd.com\\\/iv-news\\\/de\\\/registrieren-sie-sich\\\/\",\"url\":\"https:\\\/\\\/eu.bd.com\\\/iv-news\\\/de\\\/registrieren-sie-sich\\\/\",\"name\":\"Registrieren Sie sich - BD IV News\",\"isPartOf\":{\"@id\":\"https:\\\/\\\/eu.bd.com\\\/iv-news\\\/#website\"},\"primaryImageOfPage\":{\"@id\":\"https:\\\/\\\/eu.bd.com\\\/iv-news\\\/de\\\/registrieren-sie-sich\\\/#primaryimage\"},\"image\":{\"@id\":\"https:\\\/\\\/eu.bd.com\\\/iv-news\\\/de\\\/registrieren-sie-sich\\\/#primaryimage\"},\"thumbnailUrl\":\"https:\\\/\\\/eu.bd.com\\\/iv-news\\\/wp-content\\\/uploads\\\/2025\\\/06\\\/VAMbassador-Home.jpg\",\"datePublished\":\"2024-04-03T08:53:47+00:00\",\"dateModified\":\"2025-06-05T15:21:50+00:00\",\"inLanguage\":\"en-GB\",\"potentialAction\":[{\"@type\":\"ReadAction\",\"target\":[\"https:\\\/\\\/eu.bd.com\\\/iv-news\\\/de\\\/registrieren-sie-sich\\\/\"]}]},{\"@type\":\"ImageObject\",\"inLanguage\":\"en-GB\",\"@id\":\"https:\\\/\\\/eu.bd.com\\\/iv-news\\\/de\\\/registrieren-sie-sich\\\/#primaryimage\",\"url\":\"https:\\\/\\\/eu.bd.com\\\/iv-news\\\/wp-content\\\/uploads\\\/2025\\\/06\\\/VAMbassador-Home.jpg\",\"contentUrl\":\"https:\\\/\\\/eu.bd.com\\\/iv-news\\\/wp-content\\\/uploads\\\/2025\\\/06\\\/VAMbassador-Home.jpg\",\"width\":1200,\"height\":400},{\"@type\":\"WebSite\",\"@id\":\"https:\\\/\\\/eu.bd.com\\\/iv-news\\\/#website\",\"url\":\"https:\\\/\\\/eu.bd.com\\\/iv-news\\\/\",\"name\":\"BD IV News\",\"description\":\"Your source of information on intravenous therapy, medication delivery and vascular access management.\",\"publisher\":{\"@id\":\"https:\\\/\\\/eu.bd.com\\\/iv-news\\\/#organization\"},\"potentialAction\":[{\"@type\":\"SearchAction\",\"target\":{\"@type\":\"EntryPoint\",\"urlTemplate\":\"https:\\\/\\\/eu.bd.com\\\/iv-news\\\/?s={search_term_string}\"},\"query-input\":{\"@type\":\"PropertyValueSpecification\",\"valueRequired\":true,\"valueName\":\"search_term_string\"}}],\"inLanguage\":\"en-GB\"},{\"@type\":\"Organization\",\"@id\":\"https:\\\/\\\/eu.bd.com\\\/iv-news\\\/#organization\",\"name\":\"BD IV News\",\"url\":\"https:\\\/\\\/eu.bd.com\\\/iv-news\\\/\",\"logo\":{\"@type\":\"ImageObject\",\"inLanguage\":\"en-GB\",\"@id\":\"https:\\\/\\\/eu.bd.com\\\/iv-news\\\/#\\\/schema\\\/logo\\\/image\\\/\",\"url\":\"https:\\\/\\\/eu.bd.com\\\/iv-news\\\/wp-content\\\/uploads\\\/2024\\\/04\\\/BD-Master-Logo-on-Warm-White-512X512px.png\",\"contentUrl\":\"https:\\\/\\\/eu.bd.com\\\/iv-news\\\/wp-content\\\/uploads\\\/2024\\\/04\\\/BD-Master-Logo-on-Warm-White-512X512px.png\",\"width\":512,\"height\":512,\"caption\":\"BD IV News\"},\"image\":{\"@id\":\"https:\\\/\\\/eu.bd.com\\\/iv-news\\\/#\\\/schema\\\/logo\\\/image\\\/\"}}]}<\/script>\n<!-- \/ Yoast SEO plugin. -->","yoast_head_json":{"title":"Registrieren Sie sich - BD IV News","robots":{"index":"index","follow":"follow","max-snippet":"max-snippet:-1","max-image-preview":"max-image-preview:large","max-video-preview":"max-video-preview:-1"},"canonical":"https:\/\/eu.bd.com\/iv-news\/de\/registrieren-sie-sich\/","og_locale":"en_GB","og_type":"article","og_title":"Registrieren Sie sich - BD IV News","og_description":"Treten Sie der BD IV News Vambassador community heute bei und entdecken Sie eine Welt voller Vorteile Ihre Informationsquelle zur...","og_url":"https:\/\/eu.bd.com\/iv-news\/de\/registrieren-sie-sich\/","og_site_name":"BD IV News","article_modified_time":"2025-06-05T15:21:50+00:00","og_image":[{"url":"https:\/\/eu.bd.com\/iv-news\/wp-content\/uploads\/2024\/04\/material-symbols_fingerprint-1.svg","type":"","width":"","height":""}],"twitter_card":"summary_large_image","twitter_misc":{"Estimated reading time":"1 minute"},"schema":{"@context":"https:\/\/schema.org","@graph":[{"@type":"WebPage","@id":"https:\/\/eu.bd.com\/iv-news\/de\/registrieren-sie-sich\/","url":"https:\/\/eu.bd.com\/iv-news\/de\/registrieren-sie-sich\/","name":"Registrieren Sie sich - BD IV News","isPartOf":{"@id":"https:\/\/eu.bd.com\/iv-news\/#website"},"primaryImageOfPage":{"@id":"https:\/\/eu.bd.com\/iv-news\/de\/registrieren-sie-sich\/#primaryimage"},"image":{"@id":"https:\/\/eu.bd.com\/iv-news\/de\/registrieren-sie-sich\/#primaryimage"},"thumbnailUrl":"https:\/\/eu.bd.com\/iv-news\/wp-content\/uploads\/2025\/06\/VAMbassador-Home.jpg","datePublished":"2024-04-03T08:53:47+00:00","dateModified":"2025-06-05T15:21:50+00:00","inLanguage":"en-GB","potentialAction":[{"@type":"ReadAction","target":["https:\/\/eu.bd.com\/iv-news\/de\/registrieren-sie-sich\/"]}]},{"@type":"ImageObject","inLanguage":"en-GB","@id":"https:\/\/eu.bd.com\/iv-news\/de\/registrieren-sie-sich\/#primaryimage","url":"https:\/\/eu.bd.com\/iv-news\/wp-content\/uploads\/2025\/06\/VAMbassador-Home.jpg","contentUrl":"https:\/\/eu.bd.com\/iv-news\/wp-content\/uploads\/2025\/06\/VAMbassador-Home.jpg","width":1200,"height":400},{"@type":"WebSite","@id":"https:\/\/eu.bd.com\/iv-news\/#website","url":"https:\/\/eu.bd.com\/iv-news\/","name":"BD IV News","description":"Your source of information on intravenous therapy, medication delivery and vascular access management.","publisher":{"@id":"https:\/\/eu.bd.com\/iv-news\/#organization"},"potentialAction":[{"@type":"SearchAction","target":{"@type":"EntryPoint","urlTemplate":"https:\/\/eu.bd.com\/iv-news\/?s={search_term_string}"},"query-input":{"@type":"PropertyValueSpecification","valueRequired":true,"valueName":"search_term_string"}}],"inLanguage":"en-GB"},{"@type":"Organization","@id":"https:\/\/eu.bd.com\/iv-news\/#organization","name":"BD IV News","url":"https:\/\/eu.bd.com\/iv-news\/","logo":{"@type":"ImageObject","inLanguage":"en-GB","@id":"https:\/\/eu.bd.com\/iv-news\/#\/schema\/logo\/image\/","url":"https:\/\/eu.bd.com\/iv-news\/wp-content\/uploads\/2024\/04\/BD-Master-Logo-on-Warm-White-512X512px.png","contentUrl":"https:\/\/eu.bd.com\/iv-news\/wp-content\/uploads\/2024\/04\/BD-Master-Logo-on-Warm-White-512X512px.png","width":512,"height":512,"caption":"BD IV News"},"image":{"@id":"https:\/\/eu.bd.com\/iv-news\/#\/schema\/logo\/image\/"}}]}},"lang":"de","translations":{"de":7707,"en":7698,"es":7712,"it":7718,"fr":7723},"pll_sync_post":[],"_links":{"self":[{"href":"https:\/\/eu.bd.com\/iv-news\/wp-json\/wp\/v2\/pages\/7707","targetHints":{"allow":["GET"]}}],"collection":[{"href":"https:\/\/eu.bd.com\/iv-news\/wp-json\/wp\/v2\/pages"}],"about":[{"href":"https:\/\/eu.bd.com\/iv-news\/wp-json\/wp\/v2\/types\/page"}],"author":[{"embeddable":true,"href":"https:\/\/eu.bd.com\/iv-news\/wp-json\/wp\/v2\/users\/1"}],"replies":[{"embeddable":true,"href":"https:\/\/eu.bd.com\/iv-news\/wp-json\/wp\/v2\/comments?post=7707"}],"version-history":[{"count":6,"href":"https:\/\/eu.bd.com\/iv-news\/wp-json\/wp\/v2\/pages\/7707\/revisions"}],"predecessor-version":[{"id":8966,"href":"https:\/\/eu.bd.com\/iv-news\/wp-json\/wp\/v2\/pages\/7707\/revisions\/8966"}],"wp:attachment":[{"href":"https:\/\/eu.bd.com\/iv-news\/wp-json\/wp\/v2\/media?parent=7707"}],"wp:term":[{"taxonomy":"category","embeddable":true,"href":"https:\/\/eu.bd.com\/iv-news\/wp-json\/wp\/v2\/categories?post=7707"},{"taxonomy":"post_tag","embeddable":true,"href":"https:\/\/eu.bd.com\/iv-news\/wp-json\/wp\/v2\/tags?post=7707"}],"curies":[{"name":"wp","href":"https:\/\/api.w.org\/{rel}","templated":true}]}}