{"id":557,"date":"2020-11-05T15:19:20","date_gmt":"2020-11-05T15:19:20","guid":{"rendered":"https:\/\/eu.bd.com\/iv-news\/?page_id=557"},"modified":"2020-11-30T10:29:47","modified_gmt":"2020-11-30T10:29:47","slug":"terms-conditions-3","status":"publish","type":"page","link":"https:\/\/eu.bd.com\/iv-news\/es\/terms-conditions-3\/","title":{"rendered":"T\u00e9rminos y Condiciones"},"content":{"rendered":"<p><main><\/p>\n<div class=\"container\">\n<div class=\"row\">\n<div class=\"col-sm-9\">\n<p class=\"large \">Aviso Legal &#8211; Condiciones De Acceso y Uso Del Sitio Web<\/p>\n<div>\n<p>BECTON DICKINSON,S.A.<br \/>\nCamino de Valdeoliva, s\/n &#8211; 28750 San Agust\u00edn del Guadalix (Madrid)<br \/>\nCIF n\u00fam. A-50140706<br \/>\nSociedad unipersonal inscrita en el Registro Mercantil de Madrid<br \/>\nTomo 2472, Folio 95, Hoja M-43244, Inscripci\u00f3n 12. a<\/p>\n<p>Titular del sitio web:\u00a0<a href=\"https:\/\/www.bd.com\/es-es\">www.bd.com\/es-es<\/a><br \/>\nTel: 91 848 81 00, Fax: 91 848 81 01<\/p>\n<p><strong>Introducci\u00f3n<\/strong><\/p>\n<p>Bienvenidos a\u00a0<a href=\"https:\/\/www.bd.com\/es-es\">www.bd.com\/es-es<\/a>\u00a0(en adelante, el &#8220;sitio web&#8221;). BECTON DICKINSON ESPA\u00d1A, S.A. (en adelante, &#8220;BD&#8221; o &#8220;nosotros&#8221;, seg\u00fan corresponda) le proporciona el acceso a este sitio web cuyo acceso y uso est\u00e1 sujeto al contenido de este aviso legal por el que se regulan las condiciones de acceso y uso a\/del mismo (en adelante, el &#8220;aviso&#8221;, &#8220;aviso legal&#8221;, &#8220;aviso legal \/ condiciones de acceso y uso&#8221; o &#8220;condiciones&#8221;, seg\u00fan corresponda).<\/p>\n<p>La utilizaci\u00f3n de este sitio web implica la plena aceptaci\u00f3n de las disposiciones incluidas en este aviso en la versi\u00f3n publicada por BD en el momento en que el usuario acceda al sitio web. En el caso de que el usuario no est\u00e9 conforme con el aviso legal, le rogamos no acceda, visite, utilice y\/o descargue materiales o contenidos de ning\u00fan tipo desde este sitio web. Asimismo, BD pone en conocimiento de los usuarios que el contenido de este aviso legal puede ser modificado sin notificaci\u00f3n previa. En consecuencia, rogamos al usuario lo lea atentamente en cada una de las ocasiones en que acceda y\/o utilice el sitio web, ya que puede sufrir modificaciones.<\/p>\n<p>Con car\u00e1cter general la prestaci\u00f3n de los servicios a trav\u00e9s del sitio web no exige la previa suscripci\u00f3n o registro de los usuarios. No obstante, BD condiciona la utilizaci\u00f3n de algunos de los servicios incluidos en \u00e1reas p\u00fablicas del sitio web a la previa cumplimentaci\u00f3n del correspondiente registro de usuario, seleccionando el identificador (ID o login) y la contrase\u00f1a que el usuario se compromete a conservar y a usar con la diligencia debida.<\/p>\n<p>BD asignar\u00e1 el identificador seleccionado por el usuario siempre y cuando no haya sido previamente seleccionado por otro usuario. El uso de la contrase\u00f1a es personal e intransferible, no estando permitida la cesi\u00f3n, ni siquiera temporal, a terceros. En tal sentido, el usuario deber\u00e1 adoptar las medidas necesarias para la custodia de la contrase\u00f1a por \u00e9l seleccionada, evitando el uso de la misma por terceros. En consecuencia, el usuario es el \u00fanico responsable de la utilizaci\u00f3n que, de su contrase\u00f1a se realice, con completa indemnidad para BD. En el supuesto de que el usuario conozca o sospeche del uso de su contrase\u00f1a por terceros deber\u00e1 poner tal circunstancia en conocimiento de BD con la mayor brevedad.<\/p>\n<p>El citado registro se efectuar\u00e1 en la forma expresamente indicada en el propio servicio o en las condiciones particulares que, en su caso, lo regulen.<\/p>\n<p>Toda la informaci\u00f3n que facilite el usuario a trav\u00e9s de los servicios deber\u00e1 ser veraz. A estos efectos, el usuario garantiza la autenticidad de todos aquellos datos que comunique como consecuencia de la cumplimentaci\u00f3n de los formularios necesarios para la suscripci\u00f3n de los servicios. De igual, forma, ser\u00e1 responsabilidad del usuario mantener toda la informaci\u00f3n facilitada a BD permanentemente actualizada de forma que responda, en cada momento a la situaci\u00f3n real del usuario. En todo caso el usuario ser\u00e1 el \u00fanico responsable de las manifestaciones falsas o inexactas que realice y de los perjuicios que cause a BD o a terceros por la informaci\u00f3n que facilite.<\/p>\n<p>El presente aviso legal fue actualizado por \u00faltima vez el 1\/1\/2009.<\/p>\n<p align=\"left\"><strong>Disponibilidad del sitio web<\/strong><\/p>\n<p align=\"left\">El sitio web y su contenido (en adelante, el &#8220;contenido&#8221;) est\u00e1n sujetos a lo dispuesto en las leyes y regulaciones de la Uni\u00f3n Europea, y se entienden destinados al acceso y uso por parte de ciudadanos residentes en la Uni\u00f3n Europea (&#8220;UE&#8221;). Si accede al sitio web desde fuera de la UE, lo hace por su cuenta y riesgo, y se responsabiliza de cumplir con las leyes propias de su jurisdicci\u00f3n. Asimismo, el contenido del sitio web no se debe interpretar como una promoci\u00f3n de productos y\/o servicios ni para la utilizaci\u00f3n de cualquier producto que no est\u00e9 autorizado por las leyes y regulaciones del pa\u00eds en el que el usuario se encuentre.<\/p>\n<p align=\"left\">El sitio web incluye informaci\u00f3n relativa a BD que puede resultar \u00fatil para nuestros clientes, empleados y accionistas, as\u00ed como para el p\u00fablico general. Por su parte, BD no garantiza ni asume ninguna responsabilidad por los da\u00f1os y perjuicios de toda naturaleza que puedan deberse a la falta de exactitud, exhaustividad, actualidad, as\u00ed como a errores u omisiones de los que pudieran adolecer las informaciones y servicios contenidos de este sitio web u otros contenidos a los que se pueda acceder a trav\u00e9s del mismo, ni asume ning\u00fan deber o compromiso de verificar ni de vigilar sus contenidos e informaciones.<\/p>\n<p align=\"left\"><strong>El sitio web no es una fuente de consejo o asesoramiento m\u00e9dico<\/strong><\/p>\n<p align=\"left\">El contenido de este sitio web se presenta en formato gen\u00e9rico y con finalidades meramente informativas, sin ser constitutivo ni sustitutivo de consejo m\u00e9dico profesional. El usuario no debe acceder a este sitio web o utilizar su contenido a modo de diagn\u00f3stico m\u00e9dico relativo a la salud, estado f\u00edsico o enfermedad de ning\u00fan tipo. Consulte siempre a su m\u00e9dico u otro profesional sanitario cualificado en relaci\u00f3n con cualquier estado o tratamiento m\u00e9dico. No descarte o ignore el asesoramiento m\u00e9dico o retrase la consulta del m\u00e9dico por alg\u00fan contenido que haya podido leer y\/o interpretar de\/en este sitio web.<\/p>\n<p align=\"left\"><strong>Copyright y marcas. Derechos de propiedad intelectual e industrial<\/strong><\/p>\n<p align=\"left\">Todos los contenidos que se muestran en el sitio web, y en especial, art\u00edculos, dise\u00f1os, textos, gr\u00e1ficos, logos, iconos, c\u00f3digo en lenguaje inform\u00e1tico, software, nombres comerciales, marcas, dibujos industriales o cualesquiera otros signos susceptibles de utilizaci\u00f3n industrial y comercial est\u00e1n sujetos a derechos de propiedad intelectual e industrial de BD y\/o de terceros titulares de los mismos que han autorizado debidamente su inclusi\u00f3n en el sitio web. Este sitio web se rige por las leyes espa\u00f1olas, europeas e internacionales, y se encuentra protegido por la legislaci\u00f3n nacional, comunitaria e internacional sobre propiedad intelectual e industrial.<br \/>\nQueda prohibida la distribuci\u00f3n, transmisi\u00f3n, modificaci\u00f3n, copia, reproducci\u00f3n, env\u00edo, transformaci\u00f3n, cesi\u00f3n, puesta a disposici\u00f3n del p\u00fablico, y cualquier otra actividad que no haya sido expresamente autorizada por el titular de los derechos de explotaci\u00f3n. El uso no autorizado de los materiales e informaci\u00f3n contenida en el sitio web puede suponer la violaci\u00f3n de la legislaci\u00f3n sobre propiedad intelectual o industrial y de otras leyes aplicables. El usuario del sitio web deber\u00e1 abstenerse en todo caso de suprimir, alterar, eludir o manipular cualesquiera dispositivos de protecci\u00f3n o sistemas de seguridad que puedan estar instalados en la misma. Por su parte, el usuario puede descargar contenidos del sitio web para su propio uso personal, y no comercial, siempre que mantenga intactos todos los avisos sobre copyright y\/o derechos de autor, y cualesquiera otros avisos de propiedad industrial e intelectual incluyendo la menci\u00f3n: &#8220;Utilizado con el permiso o autorizaci\u00f3n de Becton Dickinson, S.A.&#8221; (o del titular de los derechos de explotaci\u00f3n cuando no lo sea BD y efectivamente se cuente con dicha autorizaci\u00f3n), cuando exhiba o utilice el contenido con otros efectos o finalidades.<br \/>\nTr\u00e1mites para la reclamaci\u00f3n relativa a infracci\u00f3n de derechos de autor (copyright):<br \/>\nEn BD respetamos los derechos de propiedad industrial y\/o intelectual de terceros y le rogamos act\u00fae con la misma diligencia al respecto. Si considera que su obra ha sido copiada y que, por tanto, constituye una violaci\u00f3n de sus derechos de autor o copyright, le rogamos se dirija previamente a nosotros y nos facilite la siguiente informaci\u00f3n y\/o documentaci\u00f3n:<\/p>\n<ul>\n<li>Una firma electr\u00f3nica o manuscrita del titular del copyright o de la persona autorizada para actuar en nombre del mismo;<\/li>\n<li>Una descripci\u00f3n de la obra protegida por el copyright que considera o entiende se ha vulnerado;<\/li>\n<li>Una descripci\u00f3n del lugar o la secci\u00f3n concreta del sitio web donde se halla el material que entiende vulnera sus derechos de autor;<\/li>\n<li>Su direcci\u00f3n postal, n\u00famero de tel\u00e9fono y direcci\u00f3n de correo electr\u00f3nico;<\/li>\n<li>Una declaraci\u00f3n en la que se ponga de manifiesto que conoce a ciencia cierta que el uso de la obra no est\u00e1 debidamente autorizado por el titular del copyright, su legal representante o por la ley;<\/li>\n<li>Un documento junto con una declaraci\u00f3n donde conste con toda claridad, que usted es el titular del copyright o que est\u00e1 debidamente autorizado para actuar en nombre del mismo.<\/li>\n<\/ul>\n<p>Todas las marcas y logotipos mostrados en este sitio web (en adelante, las &#8220;marcas&#8221;) son marcas registradas de BD, de sus empresas filiales o de terceros. Ninguno de los contenidos de este sitio web debe ser interpretado como cesi\u00f3n, directa o indirecta de ning\u00fan tipo, de una licencia o derecho de uso de marcas sin contar con el permiso u autorizaci\u00f3n expresa, y por escrito, de BD o del tercero titular de los derechos de explotaci\u00f3n. Salvo que as\u00ed se prevea expresamente en este aviso legal, cualquier uso de las marcas contenidas en el sitio web queda estrictamente prohibido. Quedan reservados todos los derechos de explotaci\u00f3n.<\/p>\n<p><strong>Pol\u00edtica de privacidad y protecci\u00f3n de datos personales del sitio web<\/strong><\/p>\n<p>Nuestra pol\u00edtica de privacidad y protecci\u00f3n de datos\u00a0<a href=\"https:\/\/www.bd.com\/es-es\/privacy-policy\">Pol\u00edtica de Privacidad y Protecci\u00f3n de Datos Personales<\/a>\u00a0est\u00e1 disponible en este sitio web y, se entiende incorporada al presente aviso por remisi\u00f3n desde el mismo. El usuario queda, por tanto, legalmente sujeto a la citada pol\u00edtica de privacidad y de protecci\u00f3n de datos.<\/p>\n<\/div>\n<div class=\"row\"><\/div>\n<\/div>\n<\/div>\n<hr \/>\n<div class=\"small\">\n<p>Tenga en cuenta que es posible que no todos los productos, servicios o funciones est\u00e9n disponibles en su regi\u00f3n. Consulte al representante local de BD.<\/p>\n<\/div>\n<\/div>\n<p><\/main><\/p>\n<section class=\"sub\">\n<div class=\"container\">\n<div class=\"row\">\n<div class=\"col-sm-4 col-md-3\"><\/div>\n<\/div>\n<\/div>\n<\/section>\n","protected":false},"excerpt":{"rendered":"<p>Aviso Legal &#8211; Condiciones De Acceso y Uso Del Sitio Web BECTON DICKINSON,S.A. Camino de Valdeoliva, s\/n &#8211; 28750 San&#8230;<\/p>\n","protected":false},"author":1,"featured_media":0,"parent":0,"menu_order":0,"comment_status":"closed","ping_status":"closed","template":"","meta":{"_acf_changed":false,"footnotes":""},"categories":[],"tags":[],"class_list":["post-557","page","type-page","status-publish","hentry"],"acf":[],"yoast_head":"<!-- This site is optimized with the Yoast SEO plugin v27.5 - https:\/\/yoast.com\/product\/yoast-seo-wordpress\/ -->\n<title>T\u00e9rminos y Condiciones - BD IV News<\/title>\n<meta name=\"robots\" content=\"index, follow, max-snippet:-1, max-image-preview:large, max-video-preview:-1\" \/>\n<link rel=\"canonical\" href=\"https:\/\/eu.bd.com\/iv-news\/es\/terms-conditions-3\/\" \/>\n<meta property=\"og:locale\" content=\"en_GB\" \/>\n<meta property=\"og:type\" content=\"article\" \/>\n<meta property=\"og:title\" content=\"T\u00e9rminos y Condiciones - BD IV News\" \/>\n<meta property=\"og:description\" content=\"Aviso Legal &#8211; Condiciones De Acceso y Uso Del Sitio Web BECTON DICKINSON,S.A. Camino de Valdeoliva, s\/n &#8211; 28750 San...\" \/>\n<meta property=\"og:url\" content=\"https:\/\/eu.bd.com\/iv-news\/es\/terms-conditions-3\/\" \/>\n<meta property=\"og:site_name\" content=\"BD IV News\" \/>\n<meta property=\"article:modified_time\" content=\"2020-11-30T10:29:47+00:00\" \/>\n<meta name=\"twitter:card\" content=\"summary_large_image\" \/>\n<meta name=\"twitter:label1\" content=\"Estimated reading time\" \/>\n\t<meta name=\"twitter:data1\" content=\"9 minutes\" \/>\n<script type=\"application\/ld+json\" class=\"yoast-schema-graph\">{\"@context\":\"https:\\\/\\\/schema.org\",\"@graph\":[{\"@type\":\"WebPage\",\"@id\":\"https:\\\/\\\/eu.bd.com\\\/iv-news\\\/es\\\/terms-conditions-3\\\/\",\"url\":\"https:\\\/\\\/eu.bd.com\\\/iv-news\\\/es\\\/terms-conditions-3\\\/\",\"name\":\"T\u00e9rminos y Condiciones - BD IV News\",\"isPartOf\":{\"@id\":\"https:\\\/\\\/eu.bd.com\\\/iv-news\\\/#website\"},\"datePublished\":\"2020-11-05T15:19:20+00:00\",\"dateModified\":\"2020-11-30T10:29:47+00:00\",\"inLanguage\":\"en-GB\",\"potentialAction\":[{\"@type\":\"ReadAction\",\"target\":[\"https:\\\/\\\/eu.bd.com\\\/iv-news\\\/es\\\/terms-conditions-3\\\/\"]}]},{\"@type\":\"WebSite\",\"@id\":\"https:\\\/\\\/eu.bd.com\\\/iv-news\\\/#website\",\"url\":\"https:\\\/\\\/eu.bd.com\\\/iv-news\\\/\",\"name\":\"BD IV News\",\"description\":\"Your source of information on intravenous therapy, medication delivery and vascular access management.\",\"publisher\":{\"@id\":\"https:\\\/\\\/eu.bd.com\\\/iv-news\\\/#organization\"},\"potentialAction\":[{\"@type\":\"SearchAction\",\"target\":{\"@type\":\"EntryPoint\",\"urlTemplate\":\"https:\\\/\\\/eu.bd.com\\\/iv-news\\\/?s={search_term_string}\"},\"query-input\":{\"@type\":\"PropertyValueSpecification\",\"valueRequired\":true,\"valueName\":\"search_term_string\"}}],\"inLanguage\":\"en-GB\"},{\"@type\":\"Organization\",\"@id\":\"https:\\\/\\\/eu.bd.com\\\/iv-news\\\/#organization\",\"name\":\"BD IV News\",\"url\":\"https:\\\/\\\/eu.bd.com\\\/iv-news\\\/\",\"logo\":{\"@type\":\"ImageObject\",\"inLanguage\":\"en-GB\",\"@id\":\"https:\\\/\\\/eu.bd.com\\\/iv-news\\\/#\\\/schema\\\/logo\\\/image\\\/\",\"url\":\"https:\\\/\\\/eu.bd.com\\\/iv-news\\\/wp-content\\\/uploads\\\/2024\\\/04\\\/BD-Master-Logo-on-Warm-White-512X512px.png\",\"contentUrl\":\"https:\\\/\\\/eu.bd.com\\\/iv-news\\\/wp-content\\\/uploads\\\/2024\\\/04\\\/BD-Master-Logo-on-Warm-White-512X512px.png\",\"width\":512,\"height\":512,\"caption\":\"BD IV News\"},\"image\":{\"@id\":\"https:\\\/\\\/eu.bd.com\\\/iv-news\\\/#\\\/schema\\\/logo\\\/image\\\/\"}}]}<\/script>\n<!-- \/ Yoast SEO plugin. -->","yoast_head_json":{"title":"T\u00e9rminos y Condiciones - BD IV News","robots":{"index":"index","follow":"follow","max-snippet":"max-snippet:-1","max-image-preview":"max-image-preview:large","max-video-preview":"max-video-preview:-1"},"canonical":"https:\/\/eu.bd.com\/iv-news\/es\/terms-conditions-3\/","og_locale":"en_GB","og_type":"article","og_title":"T\u00e9rminos y Condiciones - BD IV News","og_description":"Aviso Legal &#8211; Condiciones De Acceso y Uso Del Sitio Web BECTON DICKINSON,S.A. Camino de Valdeoliva, s\/n &#8211; 28750 San...","og_url":"https:\/\/eu.bd.com\/iv-news\/es\/terms-conditions-3\/","og_site_name":"BD IV News","article_modified_time":"2020-11-30T10:29:47+00:00","twitter_card":"summary_large_image","twitter_misc":{"Estimated reading time":"9 minutes"},"schema":{"@context":"https:\/\/schema.org","@graph":[{"@type":"WebPage","@id":"https:\/\/eu.bd.com\/iv-news\/es\/terms-conditions-3\/","url":"https:\/\/eu.bd.com\/iv-news\/es\/terms-conditions-3\/","name":"T\u00e9rminos y Condiciones - BD IV News","isPartOf":{"@id":"https:\/\/eu.bd.com\/iv-news\/#website"},"datePublished":"2020-11-05T15:19:20+00:00","dateModified":"2020-11-30T10:29:47+00:00","inLanguage":"en-GB","potentialAction":[{"@type":"ReadAction","target":["https:\/\/eu.bd.com\/iv-news\/es\/terms-conditions-3\/"]}]},{"@type":"WebSite","@id":"https:\/\/eu.bd.com\/iv-news\/#website","url":"https:\/\/eu.bd.com\/iv-news\/","name":"BD IV News","description":"Your source of information on intravenous therapy, medication delivery and vascular access management.","publisher":{"@id":"https:\/\/eu.bd.com\/iv-news\/#organization"},"potentialAction":[{"@type":"SearchAction","target":{"@type":"EntryPoint","urlTemplate":"https:\/\/eu.bd.com\/iv-news\/?s={search_term_string}"},"query-input":{"@type":"PropertyValueSpecification","valueRequired":true,"valueName":"search_term_string"}}],"inLanguage":"en-GB"},{"@type":"Organization","@id":"https:\/\/eu.bd.com\/iv-news\/#organization","name":"BD IV News","url":"https:\/\/eu.bd.com\/iv-news\/","logo":{"@type":"ImageObject","inLanguage":"en-GB","@id":"https:\/\/eu.bd.com\/iv-news\/#\/schema\/logo\/image\/","url":"https:\/\/eu.bd.com\/iv-news\/wp-content\/uploads\/2024\/04\/BD-Master-Logo-on-Warm-White-512X512px.png","contentUrl":"https:\/\/eu.bd.com\/iv-news\/wp-content\/uploads\/2024\/04\/BD-Master-Logo-on-Warm-White-512X512px.png","width":512,"height":512,"caption":"BD IV News"},"image":{"@id":"https:\/\/eu.bd.com\/iv-news\/#\/schema\/logo\/image\/"}}]}},"lang":"es","translations":{"es":557,"de":555,"en":158,"fr":725,"it":729},"pll_sync_post":[],"_links":{"self":[{"href":"https:\/\/eu.bd.com\/iv-news\/wp-json\/wp\/v2\/pages\/557","targetHints":{"allow":["GET"]}}],"collection":[{"href":"https:\/\/eu.bd.com\/iv-news\/wp-json\/wp\/v2\/pages"}],"about":[{"href":"https:\/\/eu.bd.com\/iv-news\/wp-json\/wp\/v2\/types\/page"}],"author":[{"embeddable":true,"href":"https:\/\/eu.bd.com\/iv-news\/wp-json\/wp\/v2\/users\/1"}],"replies":[{"embeddable":true,"href":"https:\/\/eu.bd.com\/iv-news\/wp-json\/wp\/v2\/comments?post=557"}],"version-history":[{"count":2,"href":"https:\/\/eu.bd.com\/iv-news\/wp-json\/wp\/v2\/pages\/557\/revisions"}],"predecessor-version":[{"id":1200,"href":"https:\/\/eu.bd.com\/iv-news\/wp-json\/wp\/v2\/pages\/557\/revisions\/1200"}],"wp:attachment":[{"href":"https:\/\/eu.bd.com\/iv-news\/wp-json\/wp\/v2\/media?parent=557"}],"wp:term":[{"taxonomy":"category","embeddable":true,"href":"https:\/\/eu.bd.com\/iv-news\/wp-json\/wp\/v2\/categories?post=557"},{"taxonomy":"post_tag","embeddable":true,"href":"https:\/\/eu.bd.com\/iv-news\/wp-json\/wp\/v2\/tags?post=557"}],"curies":[{"name":"wp","href":"https:\/\/api.w.org\/{rel}","templated":true}]}}