{"id":1564,"date":"2020-12-09T08:54:11","date_gmt":"2020-12-09T08:54:11","guid":{"rendered":"https:\/\/eu.bd.com\/iv-news\/?page_id=1564"},"modified":"2023-11-23T11:17:55","modified_gmt":"2023-11-23T09:17:55","slug":"inscribase-al-boletin","status":"publish","type":"page","link":"https:\/\/eu.bd.com\/iv-news\/es\/inscribase-al-boletin\/","title":{"rendered":"Suscr\u00edbete al bolet\u00edn"},"content":{"rendered":"<p><img decoding=\"async\" data-src=\"https:\/\/eu.bd.com\/iv-news\/wp-content\/uploads\/2023\/11\/Newsletter-300x154.jpg\" alt=\"Newsletter\" width=\"300\" height=\"154\" class=\"alignnone size-medium wp-image-6037 lazyload\" data-srcset=\"https:\/\/eu.bd.com\/iv-news\/wp-content\/uploads\/2023\/11\/Newsletter-300x154.jpg 300w, https:\/\/eu.bd.com\/iv-news\/wp-content\/uploads\/2023\/11\/Newsletter.jpg 360w\" data-sizes=\"(max-width: 300px) 100vw, 300px\" src=\"data:image\/svg+xml;base64,PHN2ZyB3aWR0aD0iMSIgaGVpZ2h0PSIxIiB4bWxucz0iaHR0cDovL3d3dy53My5vcmcvMjAwMC9zdmciPjwvc3ZnPg==\" style=\"--smush-placeholder-width: 300px; --smush-placeholder-aspect-ratio: 300\/154;\" \/><\/p>\n<p>Descubre las \u00faltimas noticias suscribi\u00e9ndote a nuestro bolet\u00edn :<\/p>\n    <div id=\"newslettercta\">\n        <div class=\"tnp tnp-subscription-minimal newsregister\">\n            <form method=\"post\" id=\"newsletter_form\">\n                <input id=\"email_newsletter\" class=\"tnp-email\" type=\"email\" required placeholder=\"Email\">\n                <input id=\"submit_newsletter\" class=\"tnp-submit\" type=\"submit\" value=\"Subscribe\">\n\n                <label>\n                    <input type=\"checkbox\" name=\"accept\" required \/>\n                    <small>\n                        Send me the BD IV News newsletter. I expressly agree to receive the newsletter and know that I can easily unsubscribe at any time.                    <\/small>\n                <\/label>\n                <p id=\"validamessage\" style=\"display: none;color: #00b8b0;margin: 5px 0;\">\n\n                    Thank you for your registration.\n                <\/p>\n            <\/form>\n        <\/div>\n    <\/div>\n\n","protected":false},"excerpt":{"rendered":"<p>Descubre las \u00faltimas noticias suscribi\u00e9ndote a nuestro bolet\u00edn :<\/p>\n","protected":false},"author":1,"featured_media":0,"parent":0,"menu_order":0,"comment_status":"closed","ping_status":"closed","template":"","meta":{"_acf_changed":false,"footnotes":""},"categories":[],"tags":[],"class_list":["post-1564","page","type-page","status-publish","hentry"],"acf":[],"yoast_head":"<!-- This site is optimized with the Yoast SEO plugin v27.5 - https:\/\/yoast.com\/product\/yoast-seo-wordpress\/ -->\n<title>Suscr\u00edbete al bolet\u00edn - BD IV News<\/title>\n<meta name=\"robots\" content=\"index, follow, max-snippet:-1, max-image-preview:large, max-video-preview:-1\" \/>\n<link rel=\"canonical\" href=\"https:\/\/eu.bd.com\/iv-news\/es\/inscribase-al-boletin\/\" \/>\n<meta property=\"og:locale\" content=\"en_GB\" \/>\n<meta property=\"og:type\" content=\"article\" \/>\n<meta property=\"og:title\" content=\"Suscr\u00edbete al bolet\u00edn - BD IV News\" \/>\n<meta property=\"og:description\" content=\"Descubre las \u00faltimas noticias suscribi\u00e9ndote a nuestro bolet\u00edn :\" \/>\n<meta property=\"og:url\" content=\"https:\/\/eu.bd.com\/iv-news\/es\/inscribase-al-boletin\/\" \/>\n<meta property=\"og:site_name\" content=\"BD IV News\" \/>\n<meta property=\"article:modified_time\" content=\"2023-11-23T09:17:55+00:00\" \/>\n<meta property=\"og:image\" content=\"https:\/\/eu.bd.com\/iv-news\/wp-content\/uploads\/2023\/11\/Newsletter-300x154.jpg\" \/>\n<meta name=\"twitter:card\" content=\"summary_large_image\" \/>\n<meta name=\"twitter:label1\" content=\"Estimated reading time\" \/>\n\t<meta name=\"twitter:data1\" content=\"1 minute\" \/>\n<script type=\"application\/ld+json\" class=\"yoast-schema-graph\">{\"@context\":\"https:\\\/\\\/schema.org\",\"@graph\":[{\"@type\":\"WebPage\",\"@id\":\"https:\\\/\\\/eu.bd.com\\\/iv-news\\\/es\\\/inscribase-al-boletin\\\/\",\"url\":\"https:\\\/\\\/eu.bd.com\\\/iv-news\\\/es\\\/inscribase-al-boletin\\\/\",\"name\":\"Suscr\u00edbete al bolet\u00edn - BD IV News\",\"isPartOf\":{\"@id\":\"https:\\\/\\\/eu.bd.com\\\/iv-news\\\/#website\"},\"primaryImageOfPage\":{\"@id\":\"https:\\\/\\\/eu.bd.com\\\/iv-news\\\/es\\\/inscribase-al-boletin\\\/#primaryimage\"},\"image\":{\"@id\":\"https:\\\/\\\/eu.bd.com\\\/iv-news\\\/es\\\/inscribase-al-boletin\\\/#primaryimage\"},\"thumbnailUrl\":\"https:\\\/\\\/eu.bd.com\\\/iv-news\\\/wp-content\\\/uploads\\\/2023\\\/11\\\/Newsletter-300x154.jpg\",\"datePublished\":\"2020-12-09T08:54:11+00:00\",\"dateModified\":\"2023-11-23T09:17:55+00:00\",\"inLanguage\":\"en-GB\",\"potentialAction\":[{\"@type\":\"ReadAction\",\"target\":[\"https:\\\/\\\/eu.bd.com\\\/iv-news\\\/es\\\/inscribase-al-boletin\\\/\"]}]},{\"@type\":\"ImageObject\",\"inLanguage\":\"en-GB\",\"@id\":\"https:\\\/\\\/eu.bd.com\\\/iv-news\\\/es\\\/inscribase-al-boletin\\\/#primaryimage\",\"url\":\"https:\\\/\\\/eu.bd.com\\\/iv-news\\\/wp-content\\\/uploads\\\/2023\\\/11\\\/Newsletter.jpg\",\"contentUrl\":\"https:\\\/\\\/eu.bd.com\\\/iv-news\\\/wp-content\\\/uploads\\\/2023\\\/11\\\/Newsletter.jpg\",\"width\":360,\"height\":185,\"caption\":\"Newsletter\"},{\"@type\":\"WebSite\",\"@id\":\"https:\\\/\\\/eu.bd.com\\\/iv-news\\\/#website\",\"url\":\"https:\\\/\\\/eu.bd.com\\\/iv-news\\\/\",\"name\":\"BD IV News\",\"description\":\"Your source of information on intravenous therapy, medication delivery and vascular access management.\",\"publisher\":{\"@id\":\"https:\\\/\\\/eu.bd.com\\\/iv-news\\\/#organization\"},\"potentialAction\":[{\"@type\":\"SearchAction\",\"target\":{\"@type\":\"EntryPoint\",\"urlTemplate\":\"https:\\\/\\\/eu.bd.com\\\/iv-news\\\/?s={search_term_string}\"},\"query-input\":{\"@type\":\"PropertyValueSpecification\",\"valueRequired\":true,\"valueName\":\"search_term_string\"}}],\"inLanguage\":\"en-GB\"},{\"@type\":\"Organization\",\"@id\":\"https:\\\/\\\/eu.bd.com\\\/iv-news\\\/#organization\",\"name\":\"BD IV News\",\"url\":\"https:\\\/\\\/eu.bd.com\\\/iv-news\\\/\",\"logo\":{\"@type\":\"ImageObject\",\"inLanguage\":\"en-GB\",\"@id\":\"https:\\\/\\\/eu.bd.com\\\/iv-news\\\/#\\\/schema\\\/logo\\\/image\\\/\",\"url\":\"https:\\\/\\\/eu.bd.com\\\/iv-news\\\/wp-content\\\/uploads\\\/2024\\\/04\\\/BD-Master-Logo-on-Warm-White-512X512px.png\",\"contentUrl\":\"https:\\\/\\\/eu.bd.com\\\/iv-news\\\/wp-content\\\/uploads\\\/2024\\\/04\\\/BD-Master-Logo-on-Warm-White-512X512px.png\",\"width\":512,\"height\":512,\"caption\":\"BD IV News\"},\"image\":{\"@id\":\"https:\\\/\\\/eu.bd.com\\\/iv-news\\\/#\\\/schema\\\/logo\\\/image\\\/\"}}]}<\/script>\n<!-- \/ Yoast SEO plugin. -->","yoast_head_json":{"title":"Suscr\u00edbete al bolet\u00edn - BD IV News","robots":{"index":"index","follow":"follow","max-snippet":"max-snippet:-1","max-image-preview":"max-image-preview:large","max-video-preview":"max-video-preview:-1"},"canonical":"https:\/\/eu.bd.com\/iv-news\/es\/inscribase-al-boletin\/","og_locale":"en_GB","og_type":"article","og_title":"Suscr\u00edbete al bolet\u00edn - BD IV News","og_description":"Descubre las \u00faltimas noticias suscribi\u00e9ndote a nuestro bolet\u00edn :","og_url":"https:\/\/eu.bd.com\/iv-news\/es\/inscribase-al-boletin\/","og_site_name":"BD IV News","article_modified_time":"2023-11-23T09:17:55+00:00","og_image":[{"url":"https:\/\/eu.bd.com\/iv-news\/wp-content\/uploads\/2023\/11\/Newsletter-300x154.jpg","type":"","width":"","height":""}],"twitter_card":"summary_large_image","twitter_misc":{"Estimated reading time":"1 minute"},"schema":{"@context":"https:\/\/schema.org","@graph":[{"@type":"WebPage","@id":"https:\/\/eu.bd.com\/iv-news\/es\/inscribase-al-boletin\/","url":"https:\/\/eu.bd.com\/iv-news\/es\/inscribase-al-boletin\/","name":"Suscr\u00edbete al bolet\u00edn - BD IV News","isPartOf":{"@id":"https:\/\/eu.bd.com\/iv-news\/#website"},"primaryImageOfPage":{"@id":"https:\/\/eu.bd.com\/iv-news\/es\/inscribase-al-boletin\/#primaryimage"},"image":{"@id":"https:\/\/eu.bd.com\/iv-news\/es\/inscribase-al-boletin\/#primaryimage"},"thumbnailUrl":"https:\/\/eu.bd.com\/iv-news\/wp-content\/uploads\/2023\/11\/Newsletter-300x154.jpg","datePublished":"2020-12-09T08:54:11+00:00","dateModified":"2023-11-23T09:17:55+00:00","inLanguage":"en-GB","potentialAction":[{"@type":"ReadAction","target":["https:\/\/eu.bd.com\/iv-news\/es\/inscribase-al-boletin\/"]}]},{"@type":"ImageObject","inLanguage":"en-GB","@id":"https:\/\/eu.bd.com\/iv-news\/es\/inscribase-al-boletin\/#primaryimage","url":"https:\/\/eu.bd.com\/iv-news\/wp-content\/uploads\/2023\/11\/Newsletter.jpg","contentUrl":"https:\/\/eu.bd.com\/iv-news\/wp-content\/uploads\/2023\/11\/Newsletter.jpg","width":360,"height":185,"caption":"Newsletter"},{"@type":"WebSite","@id":"https:\/\/eu.bd.com\/iv-news\/#website","url":"https:\/\/eu.bd.com\/iv-news\/","name":"BD IV News","description":"Your source of information on intravenous therapy, medication delivery and vascular access management.","publisher":{"@id":"https:\/\/eu.bd.com\/iv-news\/#organization"},"potentialAction":[{"@type":"SearchAction","target":{"@type":"EntryPoint","urlTemplate":"https:\/\/eu.bd.com\/iv-news\/?s={search_term_string}"},"query-input":{"@type":"PropertyValueSpecification","valueRequired":true,"valueName":"search_term_string"}}],"inLanguage":"en-GB"},{"@type":"Organization","@id":"https:\/\/eu.bd.com\/iv-news\/#organization","name":"BD IV News","url":"https:\/\/eu.bd.com\/iv-news\/","logo":{"@type":"ImageObject","inLanguage":"en-GB","@id":"https:\/\/eu.bd.com\/iv-news\/#\/schema\/logo\/image\/","url":"https:\/\/eu.bd.com\/iv-news\/wp-content\/uploads\/2024\/04\/BD-Master-Logo-on-Warm-White-512X512px.png","contentUrl":"https:\/\/eu.bd.com\/iv-news\/wp-content\/uploads\/2024\/04\/BD-Master-Logo-on-Warm-White-512X512px.png","width":512,"height":512,"caption":"BD IV News"},"image":{"@id":"https:\/\/eu.bd.com\/iv-news\/#\/schema\/logo\/image\/"}}]}},"lang":"es","translations":{"es":1564,"fr":1556,"en":321,"de":1560,"it":1572},"pll_sync_post":[],"_links":{"self":[{"href":"https:\/\/eu.bd.com\/iv-news\/wp-json\/wp\/v2\/pages\/1564","targetHints":{"allow":["GET"]}}],"collection":[{"href":"https:\/\/eu.bd.com\/iv-news\/wp-json\/wp\/v2\/pages"}],"about":[{"href":"https:\/\/eu.bd.com\/iv-news\/wp-json\/wp\/v2\/types\/page"}],"author":[{"embeddable":true,"href":"https:\/\/eu.bd.com\/iv-news\/wp-json\/wp\/v2\/users\/1"}],"replies":[{"embeddable":true,"href":"https:\/\/eu.bd.com\/iv-news\/wp-json\/wp\/v2\/comments?post=1564"}],"version-history":[{"count":4,"href":"https:\/\/eu.bd.com\/iv-news\/wp-json\/wp\/v2\/pages\/1564\/revisions"}],"predecessor-version":[{"id":6040,"href":"https:\/\/eu.bd.com\/iv-news\/wp-json\/wp\/v2\/pages\/1564\/revisions\/6040"}],"wp:attachment":[{"href":"https:\/\/eu.bd.com\/iv-news\/wp-json\/wp\/v2\/media?parent=1564"}],"wp:term":[{"taxonomy":"category","embeddable":true,"href":"https:\/\/eu.bd.com\/iv-news\/wp-json\/wp\/v2\/categories?post=1564"},{"taxonomy":"post_tag","embeddable":true,"href":"https:\/\/eu.bd.com\/iv-news\/wp-json\/wp\/v2\/tags?post=1564"}],"curies":[{"name":"wp","href":"https:\/\/api.w.org\/{rel}","templated":true}]}}