{"id":1162,"date":"2020-11-20T14:43:35","date_gmt":"2020-11-20T14:43:35","guid":{"rendered":"https:\/\/eu.bd.com\/iv-news\/?page_id=1162"},"modified":"2024-01-18T16:14:28","modified_gmt":"2024-01-18T14:14:28","slug":"ivlexikon","status":"publish","type":"page","link":"https:\/\/eu.bd.com\/iv-news\/de\/ivlexikon\/","title":{"rendered":"I.V. Lexikon"},"content":{"rendered":"<blockquote><p>\u201eKomplikationen bei der Infusionstherapie sind einfach das Ergebnis eines komplexen und hochgradig variablen mechanischen Systems \u2013 Design, Anlage, Verwendung und Pflege von IV-Kathetern \u2013 das auf ein zweites komplexes und hochgradig variables System \u2013 den kranken menschlichen K\u00f6rper \u2013 angewendet wird.\u201c<sup>1<\/sup><\/p>\n<p><sup><em>\u2013 Dr. Robert E. Helm<\/em><\/sup><\/p><\/blockquote>\n<p>Eine Komplikation ist definiert als ein beobachtbares Ereignis, das den intraven\u00f6sen \u00a0Katheter st\u00f6rt, die Zufuhr der Infusionsl\u00f6sung unterbricht oder den Patienten k\u00f6rperlich sch\u00e4digt.<sup>2<\/sup> Diese Komplikationen k\u00f6nnen mechanisch oder infekti\u00f6s bedingt sein.<sup>2<\/sup><\/p>\n<p>Intraven\u00f6se Komplikationen k\u00f6nnen die Behandlung zugrundeliegender medizinischer \u00a0Beschwerden unterbrechen und verz\u00f6gern und die Patientenergebnisse beeintr\u00e4chtigen.<sup>3<\/sup> Sie k\u00f6nnen die Morbidit\u00e4t und Mortalit\u00e4t erh\u00f6hen.<sup>3<\/sup> Auch medizinische Fachkr\u00e4fte sind dadurch beeintr\u00e4chtigt, denn die Zeit f\u00fcr das Komplikationsmanagement h\u00e4tte in eine bessere Patientenversorgung investiert werden k\u00f6nnen.<sup>3<\/sup><\/p>\n<p>&nbsp;<\/p>\n","protected":false},"excerpt":{"rendered":"<p>\u201eKomplikationen bei der Infusionstherapie sind einfach das Ergebnis eines komplexen und hochgradig variablen mechanischen Systems \u2013 Design, Anlage, Verwendung und&#8230;<\/p>\n","protected":false},"author":2,"featured_media":5798,"parent":0,"menu_order":0,"comment_status":"closed","ping_status":"closed","template":"page-nurse.php","meta":{"_acf_changed":false,"footnotes":""},"categories":[],"tags":[],"class_list":["post-1162","page","type-page","status-publish","has-post-thumbnail","hentry","speciality-arzneimittelzubereitung","speciality-haeusliche-pflege","speciality-infektionspraevention","speciality-intensivpflege-notfallversorgung","speciality-medizinische-onkologie","speciality-patientensicherheit","speciality-sicherheit-des-gesundheitspersonals","speciality-vaskulaerer-zugang","contenttype-artikel","contenttype-schwesternstation","contenttype-video-de","target-arbeitsmedizin","target-arzt","target-infektionspraevention","target-klinische-pharmazie","target-krankenpflege"],"acf":[],"yoast_head":"<!-- This site is optimized with the Yoast SEO plugin v27.3 - https:\/\/yoast.com\/product\/yoast-seo-wordpress\/ -->\n<title>I.V. Lexikon - BD IV News<\/title>\n<meta name=\"description\" content=\"Das I.V.-Lexikon bietet Ihnen als Teil der BD IV News, einer wertvollen Informationsquelle, pr\u00e4zise Eintr\u00e4ge zur Medikamentengabe und zum Gef\u00e4\u00dfzugangsmanagement.\" \/>\n<meta name=\"robots\" content=\"index, follow, max-snippet:-1, max-image-preview:large, max-video-preview:-1\" \/>\n<link rel=\"canonical\" href=\"https:\/\/eu.bd.com\/iv-news\/de\/ivlexikon\/\" \/>\n<meta property=\"og:locale\" content=\"en_GB\" \/>\n<meta property=\"og:type\" content=\"article\" \/>\n<meta property=\"og:title\" content=\"I.V. Lexikon - BD IV News\" \/>\n<meta property=\"og:description\" content=\"Das I.V.-Lexikon bietet Ihnen als Teil der BD IV News, einer wertvollen Informationsquelle, pr\u00e4zise Eintr\u00e4ge zur Medikamentengabe und zum Gef\u00e4\u00dfzugangsmanagement.\" \/>\n<meta property=\"og:url\" content=\"https:\/\/eu.bd.com\/iv-news\/de\/ivlexikon\/\" \/>\n<meta property=\"og:site_name\" content=\"BD IV News\" \/>\n<meta property=\"article:modified_time\" content=\"2024-01-18T14:14:28+00:00\" \/>\n<meta property=\"og:image\" content=\"https:\/\/eu.bd.com\/iv-news\/wp-content\/uploads\/2023\/07\/Image1.png\" \/>\n\t<meta property=\"og:image:width\" content=\"438\" \/>\n\t<meta property=\"og:image:height\" content=\"294\" \/>\n\t<meta property=\"og:image:type\" content=\"image\/png\" \/>\n<meta name=\"twitter:card\" content=\"summary_large_image\" \/>\n<meta name=\"twitter:label1\" content=\"Estimated reading time\" \/>\n\t<meta name=\"twitter:data1\" content=\"1 minute\" \/>\n<script type=\"application\/ld+json\" class=\"yoast-schema-graph\">{\"@context\":\"https:\\\/\\\/schema.org\",\"@graph\":[{\"@type\":\"WebPage\",\"@id\":\"https:\\\/\\\/eu.bd.com\\\/iv-news\\\/de\\\/ivlexikon\\\/\",\"url\":\"https:\\\/\\\/eu.bd.com\\\/iv-news\\\/de\\\/ivlexikon\\\/\",\"name\":\"I.V. Lexikon - BD IV News\",\"isPartOf\":{\"@id\":\"https:\\\/\\\/eu.bd.com\\\/iv-news\\\/#website\"},\"primaryImageOfPage\":{\"@id\":\"https:\\\/\\\/eu.bd.com\\\/iv-news\\\/de\\\/ivlexikon\\\/#primaryimage\"},\"image\":{\"@id\":\"https:\\\/\\\/eu.bd.com\\\/iv-news\\\/de\\\/ivlexikon\\\/#primaryimage\"},\"thumbnailUrl\":\"https:\\\/\\\/eu.bd.com\\\/iv-news\\\/wp-content\\\/uploads\\\/2023\\\/07\\\/Image1.png\",\"datePublished\":\"2020-11-20T14:43:35+00:00\",\"dateModified\":\"2024-01-18T14:14:28+00:00\",\"description\":\"Das I.V.-Lexikon bietet Ihnen als Teil der BD IV News, einer wertvollen Informationsquelle, pr\u00e4zise Eintr\u00e4ge zur Medikamentengabe und zum Gef\u00e4\u00dfzugangsmanagement.\",\"inLanguage\":\"en-GB\",\"potentialAction\":[{\"@type\":\"ReadAction\",\"target\":[\"https:\\\/\\\/eu.bd.com\\\/iv-news\\\/de\\\/ivlexikon\\\/\"]}]},{\"@type\":\"ImageObject\",\"inLanguage\":\"en-GB\",\"@id\":\"https:\\\/\\\/eu.bd.com\\\/iv-news\\\/de\\\/ivlexikon\\\/#primaryimage\",\"url\":\"https:\\\/\\\/eu.bd.com\\\/iv-news\\\/wp-content\\\/uploads\\\/2023\\\/07\\\/Image1.png\",\"contentUrl\":\"https:\\\/\\\/eu.bd.com\\\/iv-news\\\/wp-content\\\/uploads\\\/2023\\\/07\\\/Image1.png\",\"width\":438,\"height\":294,\"caption\":\"Wissensressourcen zu Medikamentengabe und Gef\u00e4\u00dfzugangsmanagement\"},{\"@type\":\"WebSite\",\"@id\":\"https:\\\/\\\/eu.bd.com\\\/iv-news\\\/#website\",\"url\":\"https:\\\/\\\/eu.bd.com\\\/iv-news\\\/\",\"name\":\"BD IV News\",\"description\":\"Your source of information on intravenous therapy, medication delivery and vascular access management.\",\"publisher\":{\"@id\":\"https:\\\/\\\/eu.bd.com\\\/iv-news\\\/#organization\"},\"potentialAction\":[{\"@type\":\"SearchAction\",\"target\":{\"@type\":\"EntryPoint\",\"urlTemplate\":\"https:\\\/\\\/eu.bd.com\\\/iv-news\\\/?s={search_term_string}\"},\"query-input\":{\"@type\":\"PropertyValueSpecification\",\"valueRequired\":true,\"valueName\":\"search_term_string\"}}],\"inLanguage\":\"en-GB\"},{\"@type\":\"Organization\",\"@id\":\"https:\\\/\\\/eu.bd.com\\\/iv-news\\\/#organization\",\"name\":\"BD IV News\",\"url\":\"https:\\\/\\\/eu.bd.com\\\/iv-news\\\/\",\"logo\":{\"@type\":\"ImageObject\",\"inLanguage\":\"en-GB\",\"@id\":\"https:\\\/\\\/eu.bd.com\\\/iv-news\\\/#\\\/schema\\\/logo\\\/image\\\/\",\"url\":\"https:\\\/\\\/eu.bd.com\\\/iv-news\\\/wp-content\\\/uploads\\\/2024\\\/04\\\/BD-Master-Logo-on-Warm-White-512X512px.png\",\"contentUrl\":\"https:\\\/\\\/eu.bd.com\\\/iv-news\\\/wp-content\\\/uploads\\\/2024\\\/04\\\/BD-Master-Logo-on-Warm-White-512X512px.png\",\"width\":512,\"height\":512,\"caption\":\"BD IV News\"},\"image\":{\"@id\":\"https:\\\/\\\/eu.bd.com\\\/iv-news\\\/#\\\/schema\\\/logo\\\/image\\\/\"}}]}<\/script>\n<!-- \/ Yoast SEO plugin. -->","yoast_head_json":{"title":"I.V. Lexikon - BD IV News","description":"Das I.V.-Lexikon bietet Ihnen als Teil der BD IV News, einer wertvollen Informationsquelle, pr\u00e4zise Eintr\u00e4ge zur Medikamentengabe und zum Gef\u00e4\u00dfzugangsmanagement.","robots":{"index":"index","follow":"follow","max-snippet":"max-snippet:-1","max-image-preview":"max-image-preview:large","max-video-preview":"max-video-preview:-1"},"canonical":"https:\/\/eu.bd.com\/iv-news\/de\/ivlexikon\/","og_locale":"en_GB","og_type":"article","og_title":"I.V. Lexikon - BD IV News","og_description":"Das I.V.-Lexikon bietet Ihnen als Teil der BD IV News, einer wertvollen Informationsquelle, pr\u00e4zise Eintr\u00e4ge zur Medikamentengabe und zum Gef\u00e4\u00dfzugangsmanagement.","og_url":"https:\/\/eu.bd.com\/iv-news\/de\/ivlexikon\/","og_site_name":"BD IV News","article_modified_time":"2024-01-18T14:14:28+00:00","og_image":[{"width":438,"height":294,"url":"https:\/\/eu.bd.com\/iv-news\/wp-content\/uploads\/2023\/07\/Image1.png","type":"image\/png"}],"twitter_card":"summary_large_image","twitter_misc":{"Estimated reading time":"1 minute"},"schema":{"@context":"https:\/\/schema.org","@graph":[{"@type":"WebPage","@id":"https:\/\/eu.bd.com\/iv-news\/de\/ivlexikon\/","url":"https:\/\/eu.bd.com\/iv-news\/de\/ivlexikon\/","name":"I.V. Lexikon - BD IV News","isPartOf":{"@id":"https:\/\/eu.bd.com\/iv-news\/#website"},"primaryImageOfPage":{"@id":"https:\/\/eu.bd.com\/iv-news\/de\/ivlexikon\/#primaryimage"},"image":{"@id":"https:\/\/eu.bd.com\/iv-news\/de\/ivlexikon\/#primaryimage"},"thumbnailUrl":"https:\/\/eu.bd.com\/iv-news\/wp-content\/uploads\/2023\/07\/Image1.png","datePublished":"2020-11-20T14:43:35+00:00","dateModified":"2024-01-18T14:14:28+00:00","description":"Das I.V.-Lexikon bietet Ihnen als Teil der BD IV News, einer wertvollen Informationsquelle, pr\u00e4zise Eintr\u00e4ge zur Medikamentengabe und zum Gef\u00e4\u00dfzugangsmanagement.","inLanguage":"en-GB","potentialAction":[{"@type":"ReadAction","target":["https:\/\/eu.bd.com\/iv-news\/de\/ivlexikon\/"]}]},{"@type":"ImageObject","inLanguage":"en-GB","@id":"https:\/\/eu.bd.com\/iv-news\/de\/ivlexikon\/#primaryimage","url":"https:\/\/eu.bd.com\/iv-news\/wp-content\/uploads\/2023\/07\/Image1.png","contentUrl":"https:\/\/eu.bd.com\/iv-news\/wp-content\/uploads\/2023\/07\/Image1.png","width":438,"height":294,"caption":"Wissensressourcen zu Medikamentengabe und Gef\u00e4\u00dfzugangsmanagement"},{"@type":"WebSite","@id":"https:\/\/eu.bd.com\/iv-news\/#website","url":"https:\/\/eu.bd.com\/iv-news\/","name":"BD IV News","description":"Your source of information on intravenous therapy, medication delivery and vascular access management.","publisher":{"@id":"https:\/\/eu.bd.com\/iv-news\/#organization"},"potentialAction":[{"@type":"SearchAction","target":{"@type":"EntryPoint","urlTemplate":"https:\/\/eu.bd.com\/iv-news\/?s={search_term_string}"},"query-input":{"@type":"PropertyValueSpecification","valueRequired":true,"valueName":"search_term_string"}}],"inLanguage":"en-GB"},{"@type":"Organization","@id":"https:\/\/eu.bd.com\/iv-news\/#organization","name":"BD IV News","url":"https:\/\/eu.bd.com\/iv-news\/","logo":{"@type":"ImageObject","inLanguage":"en-GB","@id":"https:\/\/eu.bd.com\/iv-news\/#\/schema\/logo\/image\/","url":"https:\/\/eu.bd.com\/iv-news\/wp-content\/uploads\/2024\/04\/BD-Master-Logo-on-Warm-White-512X512px.png","contentUrl":"https:\/\/eu.bd.com\/iv-news\/wp-content\/uploads\/2024\/04\/BD-Master-Logo-on-Warm-White-512X512px.png","width":512,"height":512,"caption":"BD IV News"},"image":{"@id":"https:\/\/eu.bd.com\/iv-news\/#\/schema\/logo\/image\/"}}]}},"lang":"de","translations":{"de":1162},"pll_sync_post":[],"_links":{"self":[{"href":"https:\/\/eu.bd.com\/iv-news\/wp-json\/wp\/v2\/pages\/1162","targetHints":{"allow":["GET"]}}],"collection":[{"href":"https:\/\/eu.bd.com\/iv-news\/wp-json\/wp\/v2\/pages"}],"about":[{"href":"https:\/\/eu.bd.com\/iv-news\/wp-json\/wp\/v2\/types\/page"}],"author":[{"embeddable":true,"href":"https:\/\/eu.bd.com\/iv-news\/wp-json\/wp\/v2\/users\/2"}],"replies":[{"embeddable":true,"href":"https:\/\/eu.bd.com\/iv-news\/wp-json\/wp\/v2\/comments?post=1162"}],"version-history":[{"count":26,"href":"https:\/\/eu.bd.com\/iv-news\/wp-json\/wp\/v2\/pages\/1162\/revisions"}],"predecessor-version":[{"id":7025,"href":"https:\/\/eu.bd.com\/iv-news\/wp-json\/wp\/v2\/pages\/1162\/revisions\/7025"}],"wp:featuredmedia":[{"embeddable":true,"href":"https:\/\/eu.bd.com\/iv-news\/wp-json\/wp\/v2\/media\/5798"}],"wp:attachment":[{"href":"https:\/\/eu.bd.com\/iv-news\/wp-json\/wp\/v2\/media?parent=1162"}],"wp:term":[{"taxonomy":"category","embeddable":true,"href":"https:\/\/eu.bd.com\/iv-news\/wp-json\/wp\/v2\/categories?post=1162"},{"taxonomy":"post_tag","embeddable":true,"href":"https:\/\/eu.bd.com\/iv-news\/wp-json\/wp\/v2\/tags?post=1162"}],"curies":[{"name":"wp","href":"https:\/\/api.w.org\/{rel}","templated":true}]}}